{"id":16730,"date":"2021-09-27T16:59:09","date_gmt":"2021-09-27T15:59:09","guid":{"rendered":"https:\/\/hepfrance.fr\/?page_id=16730"},"modified":"2021-10-08T15:10:19","modified_gmt":"2021-10-08T13:10:19","slug":"informations","status":"publish","type":"page","link":"https:\/\/preprod.hepfrance.fr\/en\/informations\/","title":{"rendered":"Information"},"content":{"rendered":"<div data-elementor-type=\"wp-page\" data-elementor-id=\"16730\" class=\"elementor elementor-16730\" data-elementor-settings=\"[]\">\n\t\t\t\t\t\t<div class=\"elementor-inner\">\n\t\t\t\t\t\t\t<div class=\"elementor-section-wrap\">\n\t\t\t\t\t\t\t<section class=\"elementor-section elementor-top-section elementor-element elementor-element-721e807 elementor-section-boxed elementor-section-height-default elementor-section-height-default\" data-id=\"721e807\" data-element_type=\"section\">\n\t\t\t\t\t\t<div class=\"elementor-container elementor-column-gap-default\">\n\t\t\t\t\t\t\t<div class=\"elementor-row\">\n\t\t\t\t\t<div class=\"elementor-column elementor-col-100 elementor-top-column elementor-element elementor-element-77d291a\" data-id=\"77d291a\" data-element_type=\"column\">\n\t\t\t<div class=\"elementor-column-wrap elementor-element-populated\">\n\t\t\t\t\t\t\t<div class=\"elementor-widget-wrap\">\n\t\t\t\t\t\t<div class=\"elementor-element elementor-element-6d931f9 elementor-widget elementor-widget-heading\" data-id=\"6d931f9\" data-element_type=\"widget\" data-widget_type=\"heading.default\">\n\t\t\t\t<div class=\"elementor-widget-container\">\n\t\t\t<h1 class=\"elementor-heading-title elementor-size-default\">Information <\/h1>\t\t<\/div>\n\t\t\t\t<\/div>\n\t\t\t\t<div class=\"elementor-element elementor-element-1ad02fb elementor-widget elementor-widget-menu-anchor\" data-id=\"1ad02fb\" data-element_type=\"widget\" data-widget_type=\"menu-anchor.default\">\n\t\t\t\t<div class=\"elementor-widget-container\">\n\t\t\t\t\t<div id=\"faq\" class=\"elementor-menu-anchor\"><\/div>\n\t\t\t\t<\/div>\n\t\t\t\t<\/div>\n\t\t\t\t<div class=\"elementor-element elementor-element-43727e9 elementor-widget elementor-widget-heading\" data-id=\"43727e9\" data-element_type=\"widget\" data-widget_type=\"heading.default\">\n\t\t\t\t<div class=\"elementor-widget-container\">\n\t\t\t<h2 class=\"elementor-heading-title elementor-size-default\">FAQs<\/h2>\t\t<\/div>\n\t\t\t\t<\/div>\n\t\t\t\t<div class=\"elementor-element elementor-element-e248878 elementor-widget elementor-widget-toggle\" data-id=\"e248878\" data-element_type=\"widget\" data-widget_type=\"toggle.default\">\n\t\t\t\t<div class=\"elementor-widget-container\">\n\t\t\t\t\t<div class=\"elementor-toggle\" role=\"tablist\">\n\t\t\t\t\t\t\t<div class=\"elementor-toggle-item\">\n\t\t\t\t\t<h3 id=\"elementor-tab-title-2371\" class=\"elementor-tab-title\" data-tab=\"1\" role=\"tab\" aria-controls=\"elementor-tab-content-2371\" aria-expanded=\"false\">\n\t\t\t\t\t\t\t\t\t\t\t\t<a href=\"\" class=\"elementor-toggle-title\">What is CBD?<\/a>\n\t\t\t\t\t<\/h3>\n\n\t\t\t\t\t<div id=\"elementor-tab-content-2371\" class=\"elementor-tab-content elementor-clearfix\" data-tab=\"1\" role=\"tabpanel\" aria-labelledby=\"elementor-tab-title-2371\"><p>CBD is the abbreviation of cannabidiol, this molecule is part of the family of cannabinoids, naturally present in the hemp flower, as well as a hundred other phytocannabinoids.<\/p><p>At the moment, the best known phytocannabinoids are:<\/p><ul><li>Cannabidiol (CBD)<\/li><li>Tetrahydrocannabinol (THC)<\/li><li>Cannabichromene (CBC)<\/li><li>Cannabinol (CBN)<\/li><li>Cannabigerol (CBG)<\/li><\/ul><p>\u00a0<\/p><p>These phytocannabinoids interact with our \u201cendocannabinoid system\u201d (known as \u201cSEC\u201d) whose receptors are present throughout our body:<\/p><ul><li>Brain<\/li><li>Liver<\/li><li>reproductive system<\/li><li>Cardiovascular system<\/li><li>Skeletal muscles<\/li><li>Gastrointestinal tract<\/li><li>Nervous systems<\/li><li>Immune system<\/li><\/ul><p>\u00a0<\/p><p>CBD, declared &quot;safe, without addiction or side effects&quot; by the WHO (World Health Organization) would have a regulating effect on our endocannabinoid system, it could thus help to relieve inflammation, pain, epilepsy, etc. , sleep disorders, digestion problems.<\/p><\/div>\n\t\t\t\t<\/div>\n\t\t\t\t\t\t\t<div class=\"elementor-toggle-item\">\n\t\t\t\t\t<h3 id=\"elementor-tab-title-2372\" class=\"elementor-tab-title\" data-tab=\"2\" role=\"tab\" aria-controls=\"elementor-tab-content-2372\" aria-expanded=\"false\">\n\t\t\t\t\t\t\t\t\t\t\t\t<a href=\"\" class=\"elementor-toggle-title\">Who can use CBD?<\/a>\n\t\t\t\t\t<\/h3>\n\n\t\t\t\t\t<div id=\"elementor-tab-content-2372\" class=\"elementor-tab-content elementor-clearfix\" data-tab=\"2\" role=\"tabpanel\" aria-labelledby=\"elementor-tab-title-2372\"><p>CBD can be used by everyone and even by our animal friends who also have an endocannabinoid system.<br \/>However, it is not recommended for pregnant women or carrying animals.<\/p><\/div>\n\t\t\t\t<\/div>\n\t\t\t\t\t\t\t<div class=\"elementor-toggle-item\">\n\t\t\t\t\t<h3 id=\"elementor-tab-title-2373\" class=\"elementor-tab-title\" data-tab=\"3\" role=\"tab\" aria-controls=\"elementor-tab-content-2373\" aria-expanded=\"false\">\n\t\t\t\t\t\t\t\t\t\t\t\t<a href=\"\" class=\"elementor-toggle-title\">Is CBD legal?<\/a>\n\t\t\t\t\t<\/h3>\n\n\t\t\t\t\t<div id=\"elementor-tab-content-2373\" class=\"elementor-tab-content elementor-clearfix\" data-tab=\"3\" role=\"tabpanel\" aria-labelledby=\"elementor-tab-title-2373\"><p>European law indicates that finished CBD products must contain a maximum of 0.2% of THC.<\/p><p>THC is the only illegal phytocannabinoid to date, due to its psychotropic effects.<\/p><p>A level lower than 0.2% is said to be \u201cresidual\u201d, it guarantees you a LEGAL 100% product and without any \u201cpsychotropic\u201d effect.<\/p><p>HEP products comply with European and French regulations.<\/p><\/div>\n\t\t\t\t<\/div>\n\t\t\t\t\t\t\t<div class=\"elementor-toggle-item\">\n\t\t\t\t\t<h3 id=\"elementor-tab-title-2374\" class=\"elementor-tab-title\" data-tab=\"4\" role=\"tab\" aria-controls=\"elementor-tab-content-2374\" aria-expanded=\"false\">\n\t\t\t\t\t\t\t\t\t\t\t\t<a href=\"\" class=\"elementor-toggle-title\">What is the difference between full-spectrum HEP oils and non-THC broad-spectrum oils?<\/a>\n\t\t\t\t\t<\/h3>\n\n\t\t\t\t\t<div id=\"elementor-tab-content-2374\" class=\"elementor-tab-content elementor-clearfix\" data-tab=\"4\" role=\"tabpanel\" aria-labelledby=\"elementor-tab-title-2374\"><p>The difference is in the hemp extract used and how it was filtered and processed after extraction.<\/p><p>Full Spectrum HEP products contain the full spectrum of hemp plant ingredients (including THC but in legal amounts below 0.2%).<\/p><p>Broad-spectrum THC-free HEP products have been processed to ensure a THC-free finished product.<\/p><\/div>\n\t\t\t\t<\/div>\n\t\t\t\t\t\t\t<div class=\"elementor-toggle-item\">\n\t\t\t\t\t<h3 id=\"elementor-tab-title-2375\" class=\"elementor-tab-title\" data-tab=\"5\" role=\"tab\" aria-controls=\"elementor-tab-content-2375\" aria-expanded=\"false\">\n\t\t\t\t\t\t\t\t\t\t\t\t<a href=\"\" class=\"elementor-toggle-title\">How to dose CBD?<\/a>\n\t\t\t\t\t<\/h3>\n\n\t\t\t\t\t<div id=\"elementor-tab-content-2375\" class=\"elementor-tab-content elementor-clearfix\" data-tab=\"5\" role=\"tabpanel\" aria-labelledby=\"elementor-tab-title-2375\"><p>There is no universal dosage of CBD, several criteria must be taken into account:<\/p><ul><li>CBD level of the product (1 drop of 20% oil contains 2 times more CBD than a drop of 10%)<\/li><li>Individual weight<\/li><li>Symptoms (stress, metabolic rebalancing, sleep and mood disorders, headaches, pain, inflammation).<\/li><\/ul><p>The important thing is not to take as much CBD as possible, but to find the best dosage for you.<\/p><p>It is therefore advisable to start slowly, for example 1 drop morning, noon and evening in order to benefit from the effects all day long.<\/p><p>Keep up the pace for a full week and then increase if needed the following week, keep this cycle for a week until you find your optimal dosage.<\/p><p>The most common method of consumption is the sublingual route (under the tongue) but you can also apply our oil directly to a painful area.<br \/>It is advisable to let the oil act under the tongue for 60 seconds before swallowing it for optimal effectiveness.<\/p><p>Shake before use.<\/p><p>Store at room temperature and protected from light.<\/p><p>Product not recommended for pregnant or breastfeeding women.<\/p><p>Our products are not intended to cure or prevent any disease.<\/p><p>In case of treatment, please consult your doctor about possible interactions.<\/p><\/div>\n\t\t\t\t<\/div>\n\t\t\t\t\t\t\t\t<\/div>\n\t\t\t\t<\/div>\n\t\t\t\t<\/div>\n\t\t\t\t\t\t<\/div>\n\t\t\t\t\t<\/div>\n\t\t<\/div>\n\t\t\t\t\t\t\t\t<\/div>\n\t\t\t\t\t<\/div>\n\t\t<\/section>\n\t\t\t\t\t\t<\/div>\n\t\t\t\t\t\t<\/div>\n\t\t\t\t\t<\/div>","protected":false},"excerpt":{"rendered":"<p>Informations F.A.Q Le CBD, c\u2019est quoi ? CBD est l\u2019abr\u00e9viation de cannabidiol, cette mol\u00e9cule fait partie de la famille des cannabino\u00efdes, naturellement pr\u00e9sents dans la fleur chanvre, au m\u00eame titre qu\u2019une centaine d&rsquo;autres phytocannabino\u00efdes. Pour le moment, les phytocannabino\u00efdes les plus connus sont : Cannabidiol (CBD) T\u00e9trahydrocannabinol (THC) Cannabichromene (CBC) Cannabinol (CBN) Cannabigerol (CBG) \u00a0 [&hellip;]<\/p>","protected":false},"author":5,"featured_media":0,"parent":0,"menu_order":0,"comment_status":"closed","ping_status":"closed","template":"","meta":[],"acf":[],"_links":{"self":[{"href":"https:\/\/preprod.hepfrance.fr\/en\/wp-json\/wp\/v2\/pages\/16730"}],"collection":[{"href":"https:\/\/preprod.hepfrance.fr\/en\/wp-json\/wp\/v2\/pages"}],"about":[{"href":"https:\/\/preprod.hepfrance.fr\/en\/wp-json\/wp\/v2\/types\/page"}],"author":[{"embeddable":true,"href":"https:\/\/preprod.hepfrance.fr\/en\/wp-json\/wp\/v2\/users\/5"}],"replies":[{"embeddable":true,"href":"https:\/\/preprod.hepfrance.fr\/en\/wp-json\/wp\/v2\/comments?post=16730"}],"version-history":[{"count":0,"href":"https:\/\/preprod.hepfrance.fr\/en\/wp-json\/wp\/v2\/pages\/16730\/revisions"}],"wp:attachment":[{"href":"https:\/\/preprod.hepfrance.fr\/en\/wp-json\/wp\/v2\/media?parent=16730"}],"curies":[{"name":"wp","href":"https:\/\/api.w.org\/{rel}","templated":true}]}}