{"id":526,"date":"2020-02-11T19:35:11","date_gmt":"2020-02-11T18:35:11","guid":{"rendered":"https:\/\/hepfrance.fr\/?page_id=526"},"modified":"2021-09-28T10:34:33","modified_gmt":"2021-09-28T08:34:33","slug":"mentions-legales","status":"publish","type":"page","link":"https:\/\/preprod.hepfrance.fr\/en\/mentions-legales\/","title":{"rendered":"Legal Notice"},"content":{"rendered":"<div data-elementor-type=\"wp-page\" data-elementor-id=\"526\" class=\"elementor elementor-526\" data-elementor-settings=\"[]\">\n\t\t\t\t\t\t<div class=\"elementor-inner\">\n\t\t\t\t\t\t\t<div class=\"elementor-section-wrap\">\n\t\t\t\t\t\t\t<section class=\"elementor-section elementor-top-section elementor-element elementor-element-bd0c597 elementor-section-boxed elementor-section-height-default elementor-section-height-default\" data-id=\"bd0c597\" data-element_type=\"section\">\n\t\t\t\t\t\t<div class=\"elementor-container elementor-column-gap-default\">\n\t\t\t\t\t\t\t<div class=\"elementor-row\">\n\t\t\t\t\t<div class=\"elementor-column elementor-col-100 elementor-top-column elementor-element elementor-element-11a039a\" data-id=\"11a039a\" data-element_type=\"column\">\n\t\t\t<div class=\"elementor-column-wrap elementor-element-populated\">\n\t\t\t\t\t\t\t<div class=\"elementor-widget-wrap\">\n\t\t\t\t\t\t<div class=\"elementor-element elementor-element-fb0244a elementor-widget elementor-widget-heading\" data-id=\"fb0244a\" data-element_type=\"widget\" data-widget_type=\"heading.default\">\n\t\t\t\t<div class=\"elementor-widget-container\">\n\t\t\t<h1 class=\"elementor-heading-title elementor-size-default\">Legal Notice<\/h1>\t\t<\/div>\n\t\t\t\t<\/div>\n\t\t\t\t<div class=\"elementor-element elementor-element-f2ac885 elementor-widget elementor-widget-heading\" data-id=\"f2ac885\" data-element_type=\"widget\" data-widget_type=\"heading.default\">\n\t\t\t\t<div class=\"elementor-widget-container\">\n\t\t\t<h2 class=\"elementor-heading-title elementor-size-default\">Contact details<\/h2>\t\t<\/div>\n\t\t\t\t<\/div>\n\t\t\t\t<div class=\"elementor-element elementor-element-633db71 elementor-widget elementor-widget-text-editor\" data-id=\"633db71\" data-element_type=\"widget\" data-widget_type=\"text-editor.default\">\n\t\t\t\t<div class=\"elementor-widget-container\">\n\t\t\t\t\t\t\t\t<div class=\"elementor-text-editor elementor-clearfix\">\n\t\t\t\t<p>Under article 6 of law n\u00b0 2004-575 of June 21, 2004 on confidence in the digital economy, it is specified to users of the site <span style=\"text-decoration: underline;\">www.hepfrance.fr<\/span> the identity of the various stakeholders in the context of its implementation and monitoring:<\/p><p><span style=\"text-decoration: underline;\">Owner<\/span> : R\u00e9my GOUGEON \u2013 10 rue crespin \u2013 94170 LE PERREUX SUR MARNE \u2013 SIRET 892 528 498 00017<br \/><span style=\"text-decoration: underline;\">Creator<\/span> : Virginie Duboscq from <a href=\"https:\/\/luminaweb.fr\" target=\"_blank\" rel=\"noopener\">Luminaweb<\/a><br \/><span style=\"text-decoration: underline;\">Publishing Manager<\/span> : R\u00e9my GOUGEON contact@hepfrance.fr<br \/>The publication manager is a natural person or a legal person.<br \/><span style=\"text-decoration: underline;\">webmaster<\/span> : R\u00e9my GOUGEON contact@hepfrance.fr<br \/><span style=\"text-decoration: underline;\">Host<\/span> : O2SWITCH \u2013 222 Boulevard Gustave Flaubert \u2013 63000 CLERMONT FERRAND<\/p>\t\t\t\t\t<\/div>\n\t\t\t\t\t\t<\/div>\n\t\t\t\t<\/div>\n\t\t\t\t<div class=\"elementor-element elementor-element-fc4c7e9 elementor-widget elementor-widget-heading\" data-id=\"fc4c7e9\" data-element_type=\"widget\" data-widget_type=\"heading.default\">\n\t\t\t\t<div class=\"elementor-widget-container\">\n\t\t\t<h2 class=\"elementor-heading-title elementor-size-default\">General conditions of use of the site and the services offered<\/h2>\t\t<\/div>\n\t\t\t\t<\/div>\n\t\t\t\t<div class=\"elementor-element elementor-element-df8022e elementor-widget elementor-widget-text-editor\" data-id=\"df8022e\" data-element_type=\"widget\" data-widget_type=\"text-editor.default\">\n\t\t\t\t<div class=\"elementor-widget-container\">\n\t\t\t\t\t\t\t\t<div class=\"elementor-text-editor elementor-clearfix\">\n\t\t\t\t<p>Use of the site implies full acceptance of the general conditions of use described below. These conditions of use may be modified or supplemented at any time, users of the site are therefore invited to consult them on a regular basis.<br \/><br \/><\/p><p>This site is normally accessible to users at any time. An interruption due to technical maintenance may however be decided by the webmaster, who will then endeavor to communicate to users before the dates and times of the intervention. The site is updated regularly by the webmaster.<\/p><p><br \/>In the same way, the legal notices can be modified at any time: they nevertheless impose themselves on the user who is invited to refer to them as often as possible in order to become acquainted with them.<\/p>\t\t\t\t\t<\/div>\n\t\t\t\t\t\t<\/div>\n\t\t\t\t<\/div>\n\t\t\t\t<div class=\"elementor-element elementor-element-3f46206 elementor-widget elementor-widget-heading\" data-id=\"3f46206\" data-element_type=\"widget\" data-widget_type=\"heading.default\">\n\t\t\t\t<div class=\"elementor-widget-container\">\n\t\t\t<h2 class=\"elementor-heading-title elementor-size-default\">Description of the services provided<\/h2>\t\t<\/div>\n\t\t\t\t<\/div>\n\t\t\t\t<div class=\"elementor-element elementor-element-1081024 elementor-widget elementor-widget-text-editor\" data-id=\"1081024\" data-element_type=\"widget\" data-widget_type=\"text-editor.default\">\n\t\t\t\t<div class=\"elementor-widget-container\">\n\t\t\t\t\t\t\t\t<div class=\"elementor-text-editor elementor-clearfix\">\n\t\t\t\t<p>The purpose of the site is to provide information concerning all of the company&#039;s activities. The owner strives to provide information on the site that is as accurate as possible.<\/p><p>However, it cannot be held responsible for omissions, inaccuracies and deficiencies in the update, whether by itself or by the third party partners who provide it with this information. All the information indicated on the site is given as an indication, and is likely to evolve.<\/p><p>Furthermore, the information on the site is not exhaustive. They are given subject to modifications having been made since they were put online.<\/p>\t\t\t\t\t<\/div>\n\t\t\t\t\t\t<\/div>\n\t\t\t\t<\/div>\n\t\t\t\t<div class=\"elementor-element elementor-element-ea45b8c elementor-widget elementor-widget-heading\" data-id=\"ea45b8c\" data-element_type=\"widget\" data-widget_type=\"heading.default\">\n\t\t\t\t<div class=\"elementor-widget-container\">\n\t\t\t<h2 class=\"elementor-heading-title elementor-size-default\">Contractual limitations on technical data<\/h2>\t\t<\/div>\n\t\t\t\t<\/div>\n\t\t\t\t<div class=\"elementor-element elementor-element-da8ac2d elementor-widget elementor-widget-text-editor\" data-id=\"da8ac2d\" data-element_type=\"widget\" data-widget_type=\"text-editor.default\">\n\t\t\t\t<div class=\"elementor-widget-container\">\n\t\t\t\t\t\t\t\t<div class=\"elementor-text-editor elementor-clearfix\">\n\t\t\t\tThe site uses JavaScript technology. The website cannot be held responsible for material damage related to the use of the site. In addition, the user of the site agrees to access the site using recent equipment, not containing viruses and with an updated latest generation browser.\t\t\t\t\t<\/div>\n\t\t\t\t\t\t<\/div>\n\t\t\t\t<\/div>\n\t\t\t\t<div class=\"elementor-element elementor-element-d911cc9 elementor-widget elementor-widget-heading\" data-id=\"d911cc9\" data-element_type=\"widget\" data-widget_type=\"heading.default\">\n\t\t\t\t<div class=\"elementor-widget-container\">\n\t\t\t<h2 class=\"elementor-heading-title elementor-size-default\">Intellectual property and counterfeits<\/h2>\t\t<\/div>\n\t\t\t\t<\/div>\n\t\t\t\t<div class=\"elementor-element elementor-element-60eeef5 elementor-widget elementor-widget-text-editor\" data-id=\"60eeef5\" data-element_type=\"widget\" data-widget_type=\"text-editor.default\">\n\t\t\t\t<div class=\"elementor-widget-container\">\n\t\t\t\t\t\t\t\t<div class=\"elementor-text-editor elementor-clearfix\">\n\t\t\t\t<p>The owner of the site is the owner of the intellectual property rights or holds the rights of use on all the elements accessible on the site, in particular the texts, images, graphics, logo, icons, sounds, software.<\/p><p>Any reproduction, representation, modification, publication, adaptation of all or part of the elements of the site, whatever the means or the process used, is prohibited, except with the prior written authorization of the owner of the site.<\/p><p>Any unauthorized use of the site or any element it contains will be considered as constituting an infringement and prosecuted in accordance with the provisions of articles L.335-2 and following of the Intellectual Property Code.<\/p>\t\t\t\t\t<\/div>\n\t\t\t\t\t\t<\/div>\n\t\t\t\t<\/div>\n\t\t\t\t<div class=\"elementor-element elementor-element-e6d965d elementor-widget elementor-widget-heading\" data-id=\"e6d965d\" data-element_type=\"widget\" data-widget_type=\"heading.default\">\n\t\t\t\t<div class=\"elementor-widget-container\">\n\t\t\t<h2 class=\"elementor-heading-title elementor-size-default\">Limitation of Liability<\/h2>\t\t<\/div>\n\t\t\t\t<\/div>\n\t\t\t\t<div class=\"elementor-element elementor-element-cc2194e elementor-widget elementor-widget-text-editor\" data-id=\"cc2194e\" data-element_type=\"widget\" data-widget_type=\"text-editor.default\">\n\t\t\t\t<div class=\"elementor-widget-container\">\n\t\t\t\t\t\t\t\t<div class=\"elementor-text-editor elementor-clearfix\">\n\t\t\t\t<p>THE owner cannot be held liable for direct or indirect damage caused to the user&#039;s equipment, when accessing the site, and resulting either from the use of equipment that does not meet the specifications indicated in point 4, either the appearance of a bug or an incompatibility.<\/p><p>The owner cannot also be held liable for consequential damages (such as loss of market or loss of opportunity) resulting from the use of the site. Interactive spaces (possibility to ask questions in the contact space) are available to users.<\/p><p>The owner reserves the right to delete, without prior notice, any content posted in this space that would contravene the legislation applicable in France, in particular the provisions relating to data protection.<\/p><p>Where appropriate, it also reserves the right to challenge the user&#039;s civil and\/or criminal liability, in particular in the event of a racist, abusive, defamatory or pornographic message, regardless of the medium used (text , photography\u2026).<\/p>\t\t\t\t\t<\/div>\n\t\t\t\t\t\t<\/div>\n\t\t\t\t<\/div>\n\t\t\t\t<div class=\"elementor-element elementor-element-e390de3 elementor-widget elementor-widget-heading\" data-id=\"e390de3\" data-element_type=\"widget\" data-widget_type=\"heading.default\">\n\t\t\t\t<div class=\"elementor-widget-container\">\n\t\t\t<h2 class=\"elementor-heading-title elementor-size-default\">Management of personal data<\/h2>\t\t<\/div>\n\t\t\t\t<\/div>\n\t\t\t\t<div class=\"elementor-element elementor-element-f4b30ab elementor-widget elementor-widget-text-editor\" data-id=\"f4b30ab\" data-element_type=\"widget\" data-widget_type=\"text-editor.default\">\n\t\t\t\t<div class=\"elementor-widget-container\">\n\t\t\t\t\t\t\t\t<div class=\"elementor-text-editor elementor-clearfix\">\n\t\t\t\t<p>In France, personal data is notably protected by law n\u00b0 78-87 of January 6, 1978, law n\u00b0 2004-801 of August 6, 2004, article L. 226-13 of the Penal Code and the European Directive of October 24, 1995.<\/p><p>When using the site, the following may be collected: the URL of the links through which the user accessed the site, the user&#039;s access provider, the Internet protocol address ( IP) of the user. In any case Vle owner only collects personal information relating to the user for the need of certain services offered by the site.<\/p><p>The user provides this information with full knowledge of the facts, in particular when he enters it himself. It is then specified to the user of the site the obligation or not to provide this information. In accordance with the provisions of articles 38 and following of law 78-17 of January 6, 1978 relating to data processing, files and freedoms, all users have a right of access, rectification and opposition to personal data. concerning him, by making his written and signed request, accompanied by a copy of the identity document with signature of the holder of the document, specifying the address to which the answer must be sent.<\/p><p>No personal information of the user of the site is published without the user&#039;s knowledge, exchanged, transferred, assigned or sold on any medium whatsoever to third parties. Only the assumption of the takeover of the company of the current owner and his rights would allow the transmission of said information to the prospective purchaser who would in turn be bound by the same obligation to store and modify data vis \u00e0 vis of the site user.<\/p><p>The databases are protected by the provisions of the law of July 1, 1998 transposing directive 96\/9 of March 11, 1996 relating to the legal protection of databases.<\/p>\t\t\t\t\t<\/div>\n\t\t\t\t\t\t<\/div>\n\t\t\t\t<\/div>\n\t\t\t\t<div class=\"elementor-element elementor-element-2d61bc4 elementor-widget elementor-widget-heading\" data-id=\"2d61bc4\" data-element_type=\"widget\" data-widget_type=\"heading.default\">\n\t\t\t\t<div class=\"elementor-widget-container\">\n\t\t\t<h2 class=\"elementor-heading-title elementor-size-default\">Hypertext links and cookies\n<\/h2>\t\t<\/div>\n\t\t\t\t<\/div>\n\t\t\t\t<div class=\"elementor-element elementor-element-0c496a6 elementor-widget elementor-widget-text-editor\" data-id=\"0c496a6\" data-element_type=\"widget\" data-widget_type=\"text-editor.default\">\n\t\t\t\t<div class=\"elementor-widget-container\">\n\t\t\t\t\t\t\t\t<div class=\"elementor-text-editor elementor-clearfix\">\n\t\t\t\t<p>The site contains a certain number of hypertext links to other sites, set up with the authorization of the owner. However, the latter does not have the possibility of verifying the content of the sites thus visited, and therefore assumes no responsibility for this fact.<\/p><p>Browsing on the site is likely to cause the installation of cookie(s) on the user&#039;s computer. A cookie is a small file, which does not allow the identification of the user, but which records information relating to the navigation of a computer on a site.<\/p><p>The data thus obtained are intended to facilitate subsequent navigation on the site, and are also intended to allow various measures of attendance. Refusal to install a cookie may make it impossible to access certain services.<\/p><p>\u00a0<\/p><p>However, the user can configure his computer as follows to refuse the installation of cookies:<\/p><p>Under Internet Explorer: tool tab (pictogram in the form of a cog at the top right) \/ internet options. Click on Privacy and choose Block all cookies. Validate on Ok.<\/p><p>Under Firefox: at the top of the browser window, click on the Firefox button, then go to the Options tab. Click on the Privacy tab. Set the Retention rules to: use custom settings for history. Finally uncheck it to disable cookies.<\/p><p>Under Safari: Click at the top right of the browser on the menu icon (symbolized by a cog). Select Settings. Click Show advanced settings. In the &quot;Privacy&quot; section, click on Content settings. In the \u201cCookies\u201d section, you can block cookies. In Chrome: Click at the top right of the browser on the menu icon (symbolized by three horizontal lines). Select Settings. Click Show advanced settings. In the &quot;Privacy&quot; section, click on preferences. In the &quot;Privacy&quot; tab, you can block cookies.<\/p>\t\t\t\t\t<\/div>\n\t\t\t\t\t\t<\/div>\n\t\t\t\t<\/div>\n\t\t\t\t<div class=\"elementor-element elementor-element-d52591f elementor-widget elementor-widget-heading\" data-id=\"d52591f\" data-element_type=\"widget\" data-widget_type=\"heading.default\">\n\t\t\t\t<div class=\"elementor-widget-container\">\n\t\t\t<h2 class=\"elementor-heading-title elementor-size-default\">Applicable law and attribution of jurisdiction<\/h2>\t\t<\/div>\n\t\t\t\t<\/div>\n\t\t\t\t<div class=\"elementor-element elementor-element-69fd572 elementor-widget elementor-widget-text-editor\" data-id=\"69fd572\" data-element_type=\"widget\" data-widget_type=\"text-editor.default\">\n\t\t\t\t<div class=\"elementor-widget-container\">\n\t\t\t\t\t\t\t\t<div class=\"elementor-text-editor elementor-clearfix\">\n\t\t\t\t<p>Any dispute in connection with the use of the site is subject to French law. Exclusive jurisdiction is given to the competent courts of Paris.<\/p>\t\t\t\t\t<\/div>\n\t\t\t\t\t\t<\/div>\n\t\t\t\t<\/div>\n\t\t\t\t<div class=\"elementor-element elementor-element-a528417 elementor-widget elementor-widget-heading\" data-id=\"a528417\" data-element_type=\"widget\" data-widget_type=\"heading.default\">\n\t\t\t\t<div class=\"elementor-widget-container\">\n\t\t\t<h2 class=\"elementor-heading-title elementor-size-default\">The main laws concerned<\/h2>\t\t<\/div>\n\t\t\t\t<\/div>\n\t\t\t\t<div class=\"elementor-element elementor-element-4834a45 elementor-widget elementor-widget-text-editor\" data-id=\"4834a45\" data-element_type=\"widget\" data-widget_type=\"text-editor.default\">\n\t\t\t\t<div class=\"elementor-widget-container\">\n\t\t\t\t\t\t\t\t<div class=\"elementor-text-editor elementor-clearfix\">\n\t\t\t\t<p>Law n\u00b0 78-17 of January 6, 1978, notably modified by law n\u00b0 2004-801 of August 6, 2004 relating to data processing, files and freedoms. Law n\u00b0 2004-575 of June 21, 2004 for confidence in the digital economy.<\/p>\t\t\t\t\t<\/div>\n\t\t\t\t\t\t<\/div>\n\t\t\t\t<\/div>\n\t\t\t\t<div class=\"elementor-element elementor-element-88d397c elementor-widget elementor-widget-heading\" data-id=\"88d397c\" data-element_type=\"widget\" data-widget_type=\"heading.default\">\n\t\t\t\t<div class=\"elementor-widget-container\">\n\t\t\t<h2 class=\"elementor-heading-title elementor-size-default\">Lexicon<\/h2>\t\t<\/div>\n\t\t\t\t<\/div>\n\t\t\t\t<div class=\"elementor-element elementor-element-772b74a elementor-widget elementor-widget-text-editor\" data-id=\"772b74a\" data-element_type=\"widget\" data-widget_type=\"text-editor.default\">\n\t\t\t\t<div class=\"elementor-widget-container\">\n\t\t\t\t\t\t\t\t<div class=\"elementor-text-editor elementor-clearfix\">\n\t\t\t\tUser: Internet user connecting, using the aforementioned site. Personal information: \u201cinformation which allows, in any form whatsoever, directly or indirectly, the identification of the natural persons to whom it applies\u201d (article 4 of law n\u00b0 78-17 of January 6, 1978).\t\t\t\t\t<\/div>\n\t\t\t\t\t\t<\/div>\n\t\t\t\t<\/div>\n\t\t\t\t<div class=\"elementor-element elementor-element-b2f6e47 elementor-widget elementor-widget-heading\" data-id=\"b2f6e47\" data-element_type=\"widget\" data-widget_type=\"heading.default\">\n\t\t\t\t<div class=\"elementor-widget-container\">\n\t\t\t<h2 class=\"elementor-heading-title elementor-size-default\">Credits<\/h2>\t\t<\/div>\n\t\t\t\t<\/div>\n\t\t\t\t<div class=\"elementor-element elementor-element-23ee843 elementor-widget elementor-widget-text-editor\" data-id=\"23ee843\" data-element_type=\"widget\" data-widget_type=\"text-editor.default\">\n\t\t\t\t<div class=\"elementor-widget-container\">\n\t\t\t\t\t\t\t\t<div class=\"elementor-text-editor elementor-clearfix\">\n\t\t\t\t<p>Artistic director : <a href=\"https:\/\/simonsek.com\/\" target=\"_blank\" rel=\"noopener\">Simon SEK<\/a>.<\/p><p>Web models: <a href=\"https:\/\/eugeniegraphiste.com\/\" target=\"_blank\" rel=\"noopener\">Eugenie Crand<\/a>.<\/p><p>Custom preloader on <a href=\"https:\/\/loading.io\/\" target=\"_blank\" rel=\"noopener\">loading.io<\/a><\/p><p>\u00a0<\/p>\t\t\t\t\t<\/div>\n\t\t\t\t\t\t<\/div>\n\t\t\t\t<\/div>\n\t\t\t\t\t\t<\/div>\n\t\t\t\t\t<\/div>\n\t\t<\/div>\n\t\t\t\t\t\t\t\t<\/div>\n\t\t\t\t\t<\/div>\n\t\t<\/section>\n\t\t\t\t\t\t<\/div>\n\t\t\t\t\t\t<\/div>\n\t\t\t\t\t<\/div>","protected":false},"excerpt":{"rendered":"<p>Mentions l\u00e9gales Coordonn\u00e9es En vertu de l\u2019article 6 de la loi n\u00b0 2004-575 du 21 juin 2004 pour la confiance dans l\u2019\u00e9conomie num\u00e9rique, il est pr\u00e9cis\u00e9 aux utilisateurs du site www.hepfrance.fr l\u2019identit\u00e9 des diff\u00e9rents intervenants dans le cadre de sa r\u00e9alisation et de son suivi : Propri\u00e9taire : R\u00e9my GOUGEON &#8211; 10 rue crespin &#8211; [&hellip;]<\/p>","protected":false},"author":5,"featured_media":0,"parent":0,"menu_order":0,"comment_status":"closed","ping_status":"closed","template":"","meta":[],"acf":[],"_links":{"self":[{"href":"https:\/\/preprod.hepfrance.fr\/en\/wp-json\/wp\/v2\/pages\/526"}],"collection":[{"href":"https:\/\/preprod.hepfrance.fr\/en\/wp-json\/wp\/v2\/pages"}],"about":[{"href":"https:\/\/preprod.hepfrance.fr\/en\/wp-json\/wp\/v2\/types\/page"}],"author":[{"embeddable":true,"href":"https:\/\/preprod.hepfrance.fr\/en\/wp-json\/wp\/v2\/users\/5"}],"replies":[{"embeddable":true,"href":"https:\/\/preprod.hepfrance.fr\/en\/wp-json\/wp\/v2\/comments?post=526"}],"version-history":[{"count":0,"href":"https:\/\/preprod.hepfrance.fr\/en\/wp-json\/wp\/v2\/pages\/526\/revisions"}],"wp:attachment":[{"href":"https:\/\/preprod.hepfrance.fr\/en\/wp-json\/wp\/v2\/media?parent=526"}],"curies":[{"name":"wp","href":"https:\/\/api.w.org\/{rel}","templated":true}]}}