{"id":19821,"date":"2021-10-05T17:26:58","date_gmt":"2021-10-05T15:26:58","guid":{"rendered":"https:\/\/hepfrance.fr\/?post_type=product&#038;p=19821"},"modified":"2022-01-31T10:51:44","modified_gmt":"2022-01-31T08:51:44","slug":"creme-jour-nuit-au-cbd","status":"publish","type":"product","link":"https:\/\/preprod.hepfrance.fr\/en\/product\/creme-jour-nuit-au-cbd\/","title":{"rendered":"CBD day and night cream"},"content":{"rendered":"<p>Protective during the day and regenerating at night, our cream naturally takes care of your skin and acts against daily aggressions such as UV rays, fine dust particles or even stress.<br \/>\nThe combination of hemp, aloe vera and sodium hyaluronate stimulates the production of collagen and vitamin E to make your skin even more glowing.<\/p>\n<p>Our CBD from a certified organic culture located in the Swiss Alps, is produced by a CO2 extraction method at the forefront of innovation and respectful of the environment.<\/p>\n<p>All products are analyzed by an independent laboratory to guarantee total transparency and maximum quality.<\/p>\n<p>&nbsp;<\/p>\n<h2>Usage tips<\/h2>\n<p>Apply in a gentle massage, morning and evening, to cleansed face, neck and d\u00e9collet\u00e9<\/p>\n<p><b>Sodium hyaluronate<\/b><br \/>\nSodium hyaluronate is the sodium salt of hyaluronic acid.<br \/>\nBy penetrating the deepest layers of your skin, it will not only hydrate it but also plump it by reducing the appearance of wrinkles, thus making your skin look younger.<\/p>\n<p><b>Aloe vera<\/b><br \/>\nAloe vera naturally contains polysaccharides, enzymes, minerals, amino acids, vitamin A and C as well as many antioxidants.<br \/>\nThese active compounds will provide your skin with hydration and firmness.<br \/>\nIts anti-inflammatory action creates a protective barrier for your skin.<br \/>\nIts antibacterial properties as well as the salicylic acid it contains help exfoliate the skin, prevent dark spots and guarantee you healthy and beautiful skin.<br \/>\nAloe vera can also stimulate fibroblast activity, which creates an increase in the production of collagen and elastin fibers which make the skin less wrinkled and more elastic.<\/p>\n<p>HEP cosmetics are vegan (no ingredients of animal origin) and cruelty free (not tested on animals).<br \/>\nStore at room temperature and protected from light.<\/p>\n<p>&nbsp;<\/p>\n<h2>Ingredients<\/h2>\n<p>Water, trihydroxystearin (triester of glycerin and hydroxystearic acid), isopropyl myristate, cyclopentasiloxane, cetyl alcohol, polyglycerin-2 dipolyhydroxystearate, PEG \u2013 30 dipolyhydroxystearate (ethoxylated), glycerin, oil (vegetable), organic hemp extract full spectrum (1%), ethylhexyl palmitate, aloe vera extract, sodium hyaluronate, chondrus crispus extract (carrageenan), fruit extract (malus domestica), prunus amygdalus dulcis oil (almond oil), cera alba (beeswax), glucomannan, sunflower oil, helianthus annuus, tocopherol, BHT, propylheptyl caprylate, trihydroxystearin (triester of glycerin and hydroxystearic acid), sodium levulinate, sodium anisate, pentylene glycol, caprylyl glycol, ethylhexylglycerin, fragrance, magnesium sulfate, citric acid<\/p>","protected":false},"excerpt":{"rendered":"<p>D\u00e9couvrez notre cr\u00e8me jour \/ nuit au CBD (500mg &#8211; 1%)\u00a0 pour une peau \u00e9clatante et prot\u00e9g\u00e9e.<\/p>","protected":false},"featured_media":24155,"comment_status":"open","ping_status":"closed","template":"","meta":[],"product_cat":[45],"product_tag":[53],"acf":[],"_links":{"self":[{"href":"https:\/\/preprod.hepfrance.fr\/en\/wp-json\/wp\/v2\/product\/19821"}],"collection":[{"href":"https:\/\/preprod.hepfrance.fr\/en\/wp-json\/wp\/v2\/product"}],"about":[{"href":"https:\/\/preprod.hepfrance.fr\/en\/wp-json\/wp\/v2\/types\/product"}],"replies":[{"embeddable":true,"href":"https:\/\/preprod.hepfrance.fr\/en\/wp-json\/wp\/v2\/comments?post=19821"}],"version-history":[{"count":6,"href":"https:\/\/preprod.hepfrance.fr\/en\/wp-json\/wp\/v2\/product\/19821\/revisions"}],"predecessor-version":[{"id":26474,"href":"https:\/\/preprod.hepfrance.fr\/en\/wp-json\/wp\/v2\/product\/19821\/revisions\/26474"}],"wp:featuredmedia":[{"embeddable":true,"href":"https:\/\/preprod.hepfrance.fr\/en\/wp-json\/wp\/v2\/media\/24155"}],"wp:attachment":[{"href":"https:\/\/preprod.hepfrance.fr\/en\/wp-json\/wp\/v2\/media?parent=19821"}],"wp:term":[{"taxonomy":"product_cat","embeddable":true,"href":"https:\/\/preprod.hepfrance.fr\/en\/wp-json\/wp\/v2\/product_cat?post=19821"},{"taxonomy":"product_tag","embeddable":true,"href":"https:\/\/preprod.hepfrance.fr\/en\/wp-json\/wp\/v2\/product_tag?post=19821"}],"curies":[{"name":"wp","href":"https:\/\/api.w.org\/{rel}","templated":true}]}}