{"id":19827,"date":"2021-10-05T17:29:15","date_gmt":"2021-10-05T15:29:15","guid":{"rendered":"https:\/\/hepfrance.fr\/?post_type=product&#038;p=19827"},"modified":"2022-01-31T10:50:59","modified_gmt":"2022-01-31T08:50:59","slug":"serum-cbd","status":"publish","type":"product","link":"https:\/\/preprod.hepfrance.fr\/en\/product\/serum-cbd\/","title":{"rendered":"CBD Serum"},"content":{"rendered":"<p>Our serum combines hyaluronic acid and vitamin C for an explosive mixture that gives your tired and stressed skin a boost. Oil-free and fast-absorbing, our serum is ideal for all skin types, it is the ally of your daily routine.<\/p>\n<p>Our CBD from a certified organic culture located in the Swiss Alps, is produced by a CO2 extraction method at the forefront of innovation and respectful of the environment.<\/p>\n<p>All products are analyzed by an independent laboratory to guarantee total transparency and maximum quality.<\/p>\n<p>&nbsp;<\/p>\n<h2>Usage tips<\/h2>\n<p>Apply in a gentle massage, morning and evening, to cleansed face, neck and d\u00e9collet\u00e9<\/p>\n<p><b>Hyaluronic acid<\/b><br \/>\nHyaluronic acid is a polysaccharide that can hold up to 1,000 times its weight in water.<br \/>\nHyaluronic acid works on the surface of the skin to attract a significant amount of water which keeps cells hydrated and plumped.<br \/>\nIt thus ensures the hydration of your skin, giving it a radiant and smooth appearance.<\/p>\n<p><b>Aloe vera<\/b><br \/>\nAloe vera naturally contains polysaccharides, enzymes, minerals, amino acids, vitamin A and C as well as many antioxidants.<br \/>\nThese active compounds will provide your skin with hydration and firmness.<br \/>\nIts anti-inflammatory action creates a protective barrier for your skin.<br \/>\nIts antibacterial properties as well as the salicylic acid it contains help exfoliate the skin, prevent dark spots and guarantee you healthy and beautiful skin.<br \/>\nAloe vera can also stimulate fibroblast activity. This creates an increase in the production of collagen and elastin fibers. Wrinkles are reduced and the skin more supple.<\/p>\n<p>HEP cosmetics are vegan (no ingredients of animal origin) and cruelty free (not tested on animals).<br \/>\nStore at room temperature and protected from light.<\/p>\n<p>&nbsp;<\/p>\n<h2>Ingredients<\/h2>\n<p>Aqua, Acrylates\/C10-30 Alkyl Acrylate, Aloe Vera Extract, Full Spectrum Organic Hemp Extract (1%), Tocopherol, Hyaluronic Acid, Ascorbyl Palmitate, Phenoxyethanol, Ethylhexylglycerin, Fragrance, Sodium Hydroxide<\/p>","protected":false},"excerpt":{"rendered":"<p>D\u00e9couvrez notre s\u00e9rum au CBD (300mg &#8211; 1%) pour une peau hydrat\u00e9e et r\u00e9g\u00e9n\u00e9r\u00e9e<\/p>\n<p>&nbsp;<\/p>","protected":false},"featured_media":24144,"comment_status":"open","ping_status":"closed","template":"","meta":[],"product_cat":[45],"product_tag":[53],"acf":[],"_links":{"self":[{"href":"https:\/\/preprod.hepfrance.fr\/en\/wp-json\/wp\/v2\/product\/19827"}],"collection":[{"href":"https:\/\/preprod.hepfrance.fr\/en\/wp-json\/wp\/v2\/product"}],"about":[{"href":"https:\/\/preprod.hepfrance.fr\/en\/wp-json\/wp\/v2\/types\/product"}],"replies":[{"embeddable":true,"href":"https:\/\/preprod.hepfrance.fr\/en\/wp-json\/wp\/v2\/comments?post=19827"}],"version-history":[{"count":8,"href":"https:\/\/preprod.hepfrance.fr\/en\/wp-json\/wp\/v2\/product\/19827\/revisions"}],"predecessor-version":[{"id":26427,"href":"https:\/\/preprod.hepfrance.fr\/en\/wp-json\/wp\/v2\/product\/19827\/revisions\/26427"}],"wp:featuredmedia":[{"embeddable":true,"href":"https:\/\/preprod.hepfrance.fr\/en\/wp-json\/wp\/v2\/media\/24144"}],"wp:attachment":[{"href":"https:\/\/preprod.hepfrance.fr\/en\/wp-json\/wp\/v2\/media?parent=19827"}],"wp:term":[{"taxonomy":"product_cat","embeddable":true,"href":"https:\/\/preprod.hepfrance.fr\/en\/wp-json\/wp\/v2\/product_cat?post=19827"},{"taxonomy":"product_tag","embeddable":true,"href":"https:\/\/preprod.hepfrance.fr\/en\/wp-json\/wp\/v2\/product_tag?post=19827"}],"curies":[{"name":"wp","href":"https:\/\/api.w.org\/{rel}","templated":true}]}}