{"id":19852,"date":"2021-10-05T17:39:15","date_gmt":"2021-10-05T15:39:15","guid":{"rendered":"https:\/\/hepfrance.fr\/?post_type=product&#038;p=19852"},"modified":"2022-01-29T12:27:09","modified_gmt":"2022-01-29T10:27:09","slug":"gel-musculaire-au-cbd","status":"publish","type":"product","link":"https:\/\/preprod.hepfrance.fr\/en\/product\/gel-musculaire-au-cbd\/","title":{"rendered":"1% CBD Muscle Gel"},"content":{"rendered":"<p>Gel with anti-pain and anti-inflammatory properties, its refreshing effect will give you instant relief.<br \/>\nIt quickly penetrates your skin, strengthens connective tissue and ligaments. It also promotes the formation of cartilage and muscle regeneration.<\/p>\n<p>Our CBD from a certified organic culture located in the Swiss Alps, is produced by a CO2 extraction method at the forefront of innovation and respectful of the environment.<\/p>\n<p>All products are analyzed by an independent laboratory to guarantee total transparency and maximum quality.<\/p>\n<h2>Usage tips<\/h2>\n<p>Before or after exercise, apply a massage to all affected areas of the body (muscles and joints)<\/p>\n<p><b>Glucosamine sulfate<\/b><br \/>\nGlucosamine sulfate is a naturally occurring amino sugar present<br \/>\nin the human body. It is one of the components of connective tissue, cartilage and joint fluid.<br \/>\nGlucosamine sulphate allows the regeneration of muscles and joints which have been subjected to strong tension after intense physical exertion.<\/p>\n<p><b>Aloe vera<\/b><br \/>\nAloe vera naturally contains polysaccharides, enzymes, minerals, amino acids, vitamin A and C as well as many antioxidants.<br \/>\nThese active compounds provide your skin with hydration and firmness.<br \/>\nIts anti-inflammatory action creates a protective barrier for your skin.<br \/>\nIts antibacterial properties, as well as the salicylic acid it contains, help exfoliate the skin, prevent dark spots and guarantee you healthy and soft skin.<br \/>\nAloe vera can also stimulate fibroblast activity, which creates an increase in the production of collagen and elastin fibers which make the skin less wrinkled and more elastic.<\/p>\n<p>HEP cosmetics are vegan (no ingredients of animal origin) and cruelty free (not tested on animals).<br \/>\nStore at room temperature and protected from light.<\/p>\n<h2>Ingredients<\/h2>\n<p>Aqua, Aloe Vera Extract, Glucosamine Sulfate, Full Spectrum Organic Hemp Extract (1%), Acrylates\/C10-30 Alkyl Acrylate, Symphytum (Comfrey) Extract, Phenoxyethanol, Sodium Hydroxide, Tocopherol, Fragrance, Coumarin, alpha-isomethyl-ionone<\/p>","protected":false},"excerpt":{"rendered":"<p>D\u00e9couvrez notre gel musculaire au CBD (1000mg &#8211; 1%)\u00a0 pour une r\u00e9g\u00e9n\u00e9ration en profondeur de vos muscles et articulations<\/p>","protected":false},"featured_media":24156,"comment_status":"open","ping_status":"closed","template":"","meta":[],"product_cat":[45],"product_tag":[55],"acf":[],"_links":{"self":[{"href":"https:\/\/preprod.hepfrance.fr\/en\/wp-json\/wp\/v2\/product\/19852"}],"collection":[{"href":"https:\/\/preprod.hepfrance.fr\/en\/wp-json\/wp\/v2\/product"}],"about":[{"href":"https:\/\/preprod.hepfrance.fr\/en\/wp-json\/wp\/v2\/types\/product"}],"replies":[{"embeddable":true,"href":"https:\/\/preprod.hepfrance.fr\/en\/wp-json\/wp\/v2\/comments?post=19852"}],"version-history":[{"count":6,"href":"https:\/\/preprod.hepfrance.fr\/en\/wp-json\/wp\/v2\/product\/19852\/revisions"}],"predecessor-version":[{"id":26482,"href":"https:\/\/preprod.hepfrance.fr\/en\/wp-json\/wp\/v2\/product\/19852\/revisions\/26482"}],"wp:featuredmedia":[{"embeddable":true,"href":"https:\/\/preprod.hepfrance.fr\/en\/wp-json\/wp\/v2\/media\/24156"}],"wp:attachment":[{"href":"https:\/\/preprod.hepfrance.fr\/en\/wp-json\/wp\/v2\/media?parent=19852"}],"wp:term":[{"taxonomy":"product_cat","embeddable":true,"href":"https:\/\/preprod.hepfrance.fr\/en\/wp-json\/wp\/v2\/product_cat?post=19852"},{"taxonomy":"product_tag","embeddable":true,"href":"https:\/\/preprod.hepfrance.fr\/en\/wp-json\/wp\/v2\/product_tag?post=19852"}],"curies":[{"name":"wp","href":"https:\/\/api.w.org\/{rel}","templated":true}]}}