{"id":16730,"date":"2021-09-27T16:59:09","date_gmt":"2021-09-27T15:59:09","guid":{"rendered":"https:\/\/hepfrance.fr\/?page_id=16730"},"modified":"2021-10-08T15:10:19","modified_gmt":"2021-10-08T13:10:19","slug":"informations","status":"publish","type":"page","link":"https:\/\/preprod.hepfrance.fr\/fr\/informations\/","title":{"rendered":"Informations"},"content":{"rendered":"\t\t<div data-elementor-type=\"wp-page\" data-elementor-id=\"16730\" class=\"elementor elementor-16730\" data-elementor-settings=\"[]\">\n\t\t\t\t\t\t<div class=\"elementor-inner\">\n\t\t\t\t\t\t\t<div class=\"elementor-section-wrap\">\n\t\t\t\t\t\t\t<section class=\"elementor-section elementor-top-section elementor-element elementor-element-721e807 elementor-section-boxed elementor-section-height-default elementor-section-height-default\" data-id=\"721e807\" data-element_type=\"section\">\n\t\t\t\t\t\t<div class=\"elementor-container elementor-column-gap-default\">\n\t\t\t\t\t\t\t<div class=\"elementor-row\">\n\t\t\t\t\t<div class=\"elementor-column elementor-col-100 elementor-top-column elementor-element elementor-element-77d291a\" data-id=\"77d291a\" data-element_type=\"column\">\n\t\t\t<div class=\"elementor-column-wrap elementor-element-populated\">\n\t\t\t\t\t\t\t<div class=\"elementor-widget-wrap\">\n\t\t\t\t\t\t<div class=\"elementor-element elementor-element-6d931f9 elementor-widget elementor-widget-heading\" data-id=\"6d931f9\" data-element_type=\"widget\" data-widget_type=\"heading.default\">\n\t\t\t\t<div class=\"elementor-widget-container\">\n\t\t\t<h1 class=\"elementor-heading-title elementor-size-default\">Informations <\/h1>\t\t<\/div>\n\t\t\t\t<\/div>\n\t\t\t\t<div class=\"elementor-element elementor-element-1ad02fb elementor-widget elementor-widget-menu-anchor\" data-id=\"1ad02fb\" data-element_type=\"widget\" data-widget_type=\"menu-anchor.default\">\n\t\t\t\t<div class=\"elementor-widget-container\">\n\t\t\t\t\t<div id=\"faq\" class=\"elementor-menu-anchor\"><\/div>\n\t\t\t\t<\/div>\n\t\t\t\t<\/div>\n\t\t\t\t<div class=\"elementor-element elementor-element-43727e9 elementor-widget elementor-widget-heading\" data-id=\"43727e9\" data-element_type=\"widget\" data-widget_type=\"heading.default\">\n\t\t\t\t<div class=\"elementor-widget-container\">\n\t\t\t<h2 class=\"elementor-heading-title elementor-size-default\">F.A.Q<\/h2>\t\t<\/div>\n\t\t\t\t<\/div>\n\t\t\t\t<div class=\"elementor-element elementor-element-e248878 elementor-widget elementor-widget-toggle\" data-id=\"e248878\" data-element_type=\"widget\" data-widget_type=\"toggle.default\">\n\t\t\t\t<div class=\"elementor-widget-container\">\n\t\t\t\t\t<div class=\"elementor-toggle\" role=\"tablist\">\n\t\t\t\t\t\t\t<div class=\"elementor-toggle-item\">\n\t\t\t\t\t<h3 id=\"elementor-tab-title-2371\" class=\"elementor-tab-title\" data-tab=\"1\" role=\"tab\" aria-controls=\"elementor-tab-content-2371\" aria-expanded=\"false\">\n\t\t\t\t\t\t\t\t\t\t\t\t<a href=\"\" class=\"elementor-toggle-title\">Le CBD, c\u2019est quoi ?<\/a>\n\t\t\t\t\t<\/h3>\n\n\t\t\t\t\t<div id=\"elementor-tab-content-2371\" class=\"elementor-tab-content elementor-clearfix\" data-tab=\"1\" role=\"tabpanel\" aria-labelledby=\"elementor-tab-title-2371\"><p>CBD est l\u2019abr\u00e9viation de cannabidiol, cette mol\u00e9cule fait partie de la famille des cannabino\u00efdes, naturellement pr\u00e9sents dans la fleur chanvre, au m\u00eame titre qu\u2019une centaine d&rsquo;autres phytocannabino\u00efdes.<\/p><p>Pour le moment, les phytocannabino\u00efdes les plus connus sont :<\/p><ul><li>Cannabidiol (CBD)<\/li><li>T\u00e9trahydrocannabinol (THC)<\/li><li>Cannabichromene (CBC)<\/li><li>Cannabinol (CBN)<\/li><li>Cannabigerol (CBG)<\/li><\/ul><p>\u00a0<\/p><p>Ces phytocannabino\u00efdes interagissent avec notre \u201csyst\u00e8me endocannabino\u00efde\u201d (dit \u201cSEC\u201d) dont les r\u00e9cepteurs sont pr\u00e9sents dans tout notre corps :<\/p><ul><li>Cerveau<\/li><li>Foie<\/li><li>Syst\u00e8me reproducteur<\/li><li>Syst\u00e8me cardiovasculaire<\/li><li>Muscles squelettiques<\/li><li>Voies gastro-intestinales<\/li><li>Syst\u00e8mes nerveux<\/li><li>Syst\u00e8me immunitaire<\/li><\/ul><p>\u00a0<\/p><p>Le CBD, d\u00e9clar\u00e9 \u201cs\u00fbr, sans addiction ni effets secondaires\u201d par l\u2019OMS (Organisation Mondiale de la Sant\u00e9) aurait un effet r\u00e9gulateur sur notre syst\u00e8me endocannabino\u00efde, il pourrait ainsi aider \u00e0 soulager en autre les inflammations, la douleur, l\u2019\u00e9pilepsie, les troubles du sommeil, les probl\u00e8mes de digestion.<\/p><\/div>\n\t\t\t\t<\/div>\n\t\t\t\t\t\t\t<div class=\"elementor-toggle-item\">\n\t\t\t\t\t<h3 id=\"elementor-tab-title-2372\" class=\"elementor-tab-title\" data-tab=\"2\" role=\"tab\" aria-controls=\"elementor-tab-content-2372\" aria-expanded=\"false\">\n\t\t\t\t\t\t\t\t\t\t\t\t<a href=\"\" class=\"elementor-toggle-title\">Qui peut utiliser du CBD ?<\/a>\n\t\t\t\t\t<\/h3>\n\n\t\t\t\t\t<div id=\"elementor-tab-content-2372\" class=\"elementor-tab-content elementor-clearfix\" data-tab=\"2\" role=\"tabpanel\" aria-labelledby=\"elementor-tab-title-2372\"><p>Le CBD peut \u00eatre utilis\u00e9 par tous et m\u00eame par nos amis les b\u00eates qui poss\u00e8dent \u00e9galement un syst\u00e8me endocannabino\u00efde.<br \/>Il n\u2019est par contre pas recommand\u00e9 pour les femmes enceintes ou les animaux portants.<\/p><\/div>\n\t\t\t\t<\/div>\n\t\t\t\t\t\t\t<div class=\"elementor-toggle-item\">\n\t\t\t\t\t<h3 id=\"elementor-tab-title-2373\" class=\"elementor-tab-title\" data-tab=\"3\" role=\"tab\" aria-controls=\"elementor-tab-content-2373\" aria-expanded=\"false\">\n\t\t\t\t\t\t\t\t\t\t\t\t<a href=\"\" class=\"elementor-toggle-title\">Le CBD est-il l\u00e9gal ?<\/a>\n\t\t\t\t\t<\/h3>\n\n\t\t\t\t\t<div id=\"elementor-tab-content-2373\" class=\"elementor-tab-content elementor-clearfix\" data-tab=\"3\" role=\"tabpanel\" aria-labelledby=\"elementor-tab-title-2373\"><p>Le droit europ\u00e9en indique que les produits finis \u00e0 base de CBD doivent contenir au maximum 0.2% de THC.<\/p><p>Le THC est le seul phyto cannabino\u00efde \u00e0 ce jour ill\u00e9gal, de par ses effets psychotropes.<\/p><p>Un taux inf\u00e9rieur \u00e0 0.2% est dit \u201cr\u00e9siduel\u201d, il vous assure un produit 100% L\u00c9GAL et sans aucun effet \u201cpsychotrope\u201d.<\/p><p>Les produits HEP respectent les r\u00e9glementations Europ\u00e9ennes et Fran\u00e7aises.<\/p><\/div>\n\t\t\t\t<\/div>\n\t\t\t\t\t\t\t<div class=\"elementor-toggle-item\">\n\t\t\t\t\t<h3 id=\"elementor-tab-title-2374\" class=\"elementor-tab-title\" data-tab=\"4\" role=\"tab\" aria-controls=\"elementor-tab-content-2374\" aria-expanded=\"false\">\n\t\t\t\t\t\t\t\t\t\t\t\t<a href=\"\" class=\"elementor-toggle-title\">Quelle est la diff\u00e9rence entre les huiles HEP \u00e0 spectre complet et celles \u00e0 spectre large sans THC ?<\/a>\n\t\t\t\t\t<\/h3>\n\n\t\t\t\t\t<div id=\"elementor-tab-content-2374\" class=\"elementor-tab-content elementor-clearfix\" data-tab=\"4\" role=\"tabpanel\" aria-labelledby=\"elementor-tab-title-2374\"><p>La diff\u00e9rence r\u00e9side dans l&rsquo;extrait de chanvre utilis\u00e9 et dans la fa\u00e7on dont il a \u00e9t\u00e9 filtr\u00e9 et trait\u00e9 apr\u00e8s l&rsquo;extraction.<\/p><p>Les produits HEP \u00e0 spectre complet contiennent tout le spectre des ingr\u00e9dients de la plante de chanvre (y compris le THC mais en quantit\u00e9 l\u00e9gale soit inf\u00e9rieure \u00e0 0,2%).<\/p><p>Les produits HEP \u00e0 spectre large sans THC ont eux \u00e9t\u00e9 trait\u00e9s afin de garantir un produit fini sans THC.<\/p><\/div>\n\t\t\t\t<\/div>\n\t\t\t\t\t\t\t<div class=\"elementor-toggle-item\">\n\t\t\t\t\t<h3 id=\"elementor-tab-title-2375\" class=\"elementor-tab-title\" data-tab=\"5\" role=\"tab\" aria-controls=\"elementor-tab-content-2375\" aria-expanded=\"false\">\n\t\t\t\t\t\t\t\t\t\t\t\t<a href=\"\" class=\"elementor-toggle-title\">Comment doser le CBD ?<\/a>\n\t\t\t\t\t<\/h3>\n\n\t\t\t\t\t<div id=\"elementor-tab-content-2375\" class=\"elementor-tab-content elementor-clearfix\" data-tab=\"5\" role=\"tabpanel\" aria-labelledby=\"elementor-tab-title-2375\"><p>Il n\u2019existe pas de dosage universel du CBD, plusieurs crit\u00e8res sont \u00e0 prendre en compte :<\/p><ul><li>Taux de CBD du produit (1 goutte d\u2019huile 20% contient 2 fois plus de CBD qu\u2019une goutte 10%)<\/li><li>Poids de l\u2019individu<\/li><li>Sympt\u00f4mes (stress, r\u00e9\u00e9quilibrage du m\u00e9tabolisme, troubles du sommeil et de l\u2019humeur, maux de t\u00eate, douleurs, inflammations).<\/li><\/ul><p>L&rsquo;important n&rsquo;est pas de prendre le plus de CBD possible mais bien de trouver le meilleur dosage pour vous.<\/p><p>Il est donc conseill\u00e9 de commencer doucement, par exemple 1 goutte matin, midi et soir afin de b\u00e9n\u00e9ficier des effets toute la journ\u00e9e.<\/p><p>Gardez le rythme pendant une semaine compl\u00e8te puis augmentez si besoin la semaine suivante, gardez ce cycle d&rsquo;une semaine jusqu\u2019\u00e0 ce que vous trouviez votre dosage optimal.<\/p><p>La m\u00e9thode de consommation la plus courante est la voie sublinguale (sous la langue) mais vous pouvez \u00e9galement appliquer notre huile directement sur une zone douloureuse.<br \/>Il est conseill\u00e9 de laisser agir l\u2019huile sous la langue pendant 60 secondes avant de l\u2019avaler pour une efficacit\u00e9 optimale.<\/p><p>Agiter avant utilisation.<\/p><p>Conserver \u00e0 temp\u00e9rature ambiante et \u00e0 l&rsquo;abri de la lumi\u00e8re.<\/p><p>Produit d\u00e9conseill\u00e9 aux femmes enceintes ou allaitantes.<\/p><p>Nos produits ne sont pas destin\u00e9s \u00e0 soigner ou pr\u00e9venir une maladie.<\/p><p>En cas de traitement, veuillez consulter votre m\u00e9decin au sujet des interactions possibles.<\/p><\/div>\n\t\t\t\t<\/div>\n\t\t\t\t\t\t\t\t<\/div>\n\t\t\t\t<\/div>\n\t\t\t\t<\/div>\n\t\t\t\t\t\t<\/div>\n\t\t\t\t\t<\/div>\n\t\t<\/div>\n\t\t\t\t\t\t\t\t<\/div>\n\t\t\t\t\t<\/div>\n\t\t<\/section>\n\t\t\t\t\t\t<\/div>\n\t\t\t\t\t\t<\/div>\n\t\t\t\t\t<\/div>\n\t\t","protected":false},"excerpt":{"rendered":"<p>Informations F.A.Q Le CBD, c\u2019est quoi ? CBD est l\u2019abr\u00e9viation de cannabidiol, cette mol\u00e9cule fait partie de la famille des cannabino\u00efdes, naturellement pr\u00e9sents dans la fleur chanvre, au m\u00eame titre qu\u2019une centaine d&rsquo;autres phytocannabino\u00efdes. Pour le moment, les phytocannabino\u00efdes les plus connus sont : Cannabidiol (CBD) T\u00e9trahydrocannabinol (THC) Cannabichromene (CBC) Cannabinol (CBN) Cannabigerol (CBG) \u00a0 [&hellip;]<\/p>\n","protected":false},"author":5,"featured_media":0,"parent":0,"menu_order":0,"comment_status":"closed","ping_status":"closed","template":"","meta":[],"acf":[],"_links":{"self":[{"href":"https:\/\/preprod.hepfrance.fr\/fr\/wp-json\/wp\/v2\/pages\/16730"}],"collection":[{"href":"https:\/\/preprod.hepfrance.fr\/fr\/wp-json\/wp\/v2\/pages"}],"about":[{"href":"https:\/\/preprod.hepfrance.fr\/fr\/wp-json\/wp\/v2\/types\/page"}],"author":[{"embeddable":true,"href":"https:\/\/preprod.hepfrance.fr\/fr\/wp-json\/wp\/v2\/users\/5"}],"replies":[{"embeddable":true,"href":"https:\/\/preprod.hepfrance.fr\/fr\/wp-json\/wp\/v2\/comments?post=16730"}],"version-history":[{"count":0,"href":"https:\/\/preprod.hepfrance.fr\/fr\/wp-json\/wp\/v2\/pages\/16730\/revisions"}],"wp:attachment":[{"href":"https:\/\/preprod.hepfrance.fr\/fr\/wp-json\/wp\/v2\/media?parent=16730"}],"curies":[{"name":"wp","href":"https:\/\/api.w.org\/{rel}","templated":true}]}}