{"id":19703,"date":"2021-10-05T17:08:39","date_gmt":"2021-10-05T15:08:39","guid":{"rendered":"https:\/\/hepfrance.fr\/?post_type=product&#038;p=19703"},"modified":"2022-01-30T13:38:39","modified_gmt":"2022-01-30T11:38:39","slug":"huile-biologique-cbd-20-hep-a-spectre-complet","status":"publish","type":"product","link":"https:\/\/preprod.hepfrance.fr\/fr\/produit\/huile-biologique-cbd-20-hep-a-spectre-complet\/","title":{"rendered":"Huile CBD BIO 20% spectre complet"},"content":{"rendered":"<p>L\u2019huile de CBD \u00e0 spectre complet HEP est l\u2019association unique d\u2019huile de graines de tournesol biologique et d\u2019huile de CBD bio contenant tous les cannabino\u00efdes, flavono\u00efdes et terp\u00e8nes pr\u00e9sents naturellement dans le chanvre.<br \/>\nNotre huile \u00e0 spectre complet a une teneur en THC inf\u00e9rieure \u00e0 0,2%.<\/p>\n<p>Notre CBD issu d\u2019une culture certifi\u00e9e biologique situ\u00e9e dans les Alpes suisses, est produit par une m\u00e9thode d&rsquo;extraction au CO2 \u00e0 la pointe de l\u2019innovation et respectueuse de l&rsquo;environnement.<\/p>\n<p>Tous les produits sont analys\u00e9s par un laboratoire ind\u00e9pendant afin de vous garantir une transparence totale et une qualit\u00e9 maximale.<\/p>\n<p>&nbsp;<\/p>\n<h2>Conseils d&rsquo;utilisation<\/h2>\n<p>Il n\u2019existe pas de dosage universel du CBD, plusieurs crit\u00e8res sont \u00e0 prendre en compte :<\/p>\n<p>-Taux de CBD du produit (1 goutte d\u2019huile 20% contient 2 fois plus de CBD qu\u2019une goutte 10%)<br \/>\n-Poids de l\u2019individu<br \/>\n-Sympt\u00f4mes (stress, r\u00e9\u00e9quilibrage du m\u00e9tabolisme, troubles du sommeil et de l\u2019humeur, maux de t\u00eate, douleurs, inflammations)<\/p>\n<p>L&rsquo;important n&rsquo;est pas de prendre le plus de CBD possible mais bien de trouver le meilleur dosage pour vous, il est donc conseill\u00e9 de commencer doucement, par exemple 1 goutte matin, midi et soir afin de b\u00e9n\u00e9ficier des effets toute la journ\u00e9e.<br \/>\nGardez le rythme pendant une semaine compl\u00e8te puis augmentez si besoin la semaine suivante, gardez ce cycle d&rsquo;une semaine jusqu\u2019\u00e0 ce que vous trouviez votre dosage optimal.<\/p>\n<p>La m\u00e9thode de consommation la plus courante est la voie sublinguale (sous la langue) mais vous pouvez \u00e9galement appliquer notre huile directement sur une zone douloureuse.<br \/>\nIl est conseill\u00e9 de laisser agir l\u2019huile sous la langue pendant 60 secondes avant de l\u2019avaler pour une efficacit\u00e9 optimale.<\/p>\n<p>Agiter avant utilisation<br \/>\nConserver \u00e0 temp\u00e9rature ambiante et \u00e0 l&rsquo;abri de la lumi\u00e8re.<br \/>\nProduit d\u00e9conseill\u00e9 aux femmes enceintes ou allaitantes.<br \/>\nNos produits ne sont pas destin\u00e9s \u00e0 soigner ou pr\u00e9venir une maladie. En cas de traitement, veuillez consulter votre m\u00e9decin au sujet des interactions possibles.<\/p>\n<p>&nbsp;<\/p>\n<h2>Ingr\u00e9dients<\/h2>\n<p>Extrait de chanvre biologique \u00e0 spectre complet, huile de tournesol biologique \u2022 100% biologique et naturel.<\/p>\n","protected":false},"excerpt":{"rendered":"<p>D\u00e9couvrez notre huile de CBD \u00e0 spectre complet 20%<\/p>\n","protected":false},"featured_media":24140,"comment_status":"open","ping_status":"closed","template":"","meta":[],"product_cat":[44],"product_tag":[50],"acf":[],"_links":{"self":[{"href":"https:\/\/preprod.hepfrance.fr\/fr\/wp-json\/wp\/v2\/product\/19703"}],"collection":[{"href":"https:\/\/preprod.hepfrance.fr\/fr\/wp-json\/wp\/v2\/product"}],"about":[{"href":"https:\/\/preprod.hepfrance.fr\/fr\/wp-json\/wp\/v2\/types\/product"}],"replies":[{"embeddable":true,"href":"https:\/\/preprod.hepfrance.fr\/fr\/wp-json\/wp\/v2\/comments?post=19703"}],"version-history":[{"count":2,"href":"https:\/\/preprod.hepfrance.fr\/fr\/wp-json\/wp\/v2\/product\/19703\/revisions"}],"predecessor-version":[{"id":26344,"href":"https:\/\/preprod.hepfrance.fr\/fr\/wp-json\/wp\/v2\/product\/19703\/revisions\/26344"}],"wp:featuredmedia":[{"embeddable":true,"href":"https:\/\/preprod.hepfrance.fr\/fr\/wp-json\/wp\/v2\/media\/24140"}],"wp:attachment":[{"href":"https:\/\/preprod.hepfrance.fr\/fr\/wp-json\/wp\/v2\/media?parent=19703"}],"wp:term":[{"taxonomy":"product_cat","embeddable":true,"href":"https:\/\/preprod.hepfrance.fr\/fr\/wp-json\/wp\/v2\/product_cat?post=19703"},{"taxonomy":"product_tag","embeddable":true,"href":"https:\/\/preprod.hepfrance.fr\/fr\/wp-json\/wp\/v2\/product_tag?post=19703"}],"curies":[{"name":"wp","href":"https:\/\/api.w.org\/{rel}","templated":true}]}}