{"id":19798,"date":"2021-10-05T17:20:55","date_gmt":"2021-10-05T15:20:55","guid":{"rendered":"https:\/\/hepfrance.fr\/?post_type=product&#038;p=19798"},"modified":"2022-01-10T15:32:15","modified_gmt":"2022-01-10T13:32:15","slug":"huile-de-cbd-chat","status":"publish","type":"product","link":"https:\/\/preprod.hepfrance.fr\/fr\/produit\/huile-de-cbd-chat\/","title":{"rendered":"Huile CBD 3% pour chats"},"content":{"rendered":"<p>Les chats sont sensibles aux terp\u00e8nes (mol\u00e9cules aromatiques) et peuvent avoir des difficult\u00e9s \u00e0 les dig\u00e9rer. Notre huile de CBD pour chat \u00e0 base d&rsquo;huile de saumon issue de la p\u00eache durable est donc d\u00e9pourvue de THC et de terp\u00e8nes pour une meilleure assimilation.<\/p>\n<p>Nos animaux domestiques poss\u00e8dent un syst\u00e8me endocannabino\u00efde qui r\u00e9gule entre autre la production d&rsquo;hormones, le syst\u00e8me immunitaire, le sommeil, l&rsquo;app\u00e9tit, la perception de la douleur, il maintient l&rsquo;\u00e9quilibre du corps ainsi que ses fonctions. Le CBD r\u00e9agit naturellement avec les r\u00e9cepteurs de ce syst\u00e8me afin de traiter tout d\u00e9s\u00e9quilibre, \u00e0 noter que les animaux en bonne sant\u00e9 peuvent \u00e9galement b\u00e9n\u00e9ficier des bienfaits du CBD.<\/p>\n<p>Notre CBD issu d\u2019une culture certifi\u00e9e biologique situ\u00e9e dans les Alpes suisses, est produit par une m\u00e9thode d&rsquo;extraction au CO2 \u00e0 la pointe de l\u2019innovation et respectueuse de l&rsquo;environnement.<br \/>\nTous les produits sont analys\u00e9s par un laboratoire ind\u00e9pendant afin de vous garantir une transparence totale et une qualit\u00e9 maximale.<\/p>\n<p>&nbsp;<\/p>\n<h2>Conseils d&rsquo;utilisation<\/h2>\n<p>Il n\u2019existe pas de dosage universel du CBD, plusieurs crit\u00e8res sont \u00e0 prendre en compte :<\/p>\n<p>-Taux de CBD du produit (1 goutte d\u2019huile 6%% contient 2 fois plus de CBD qu\u2019une goutte 3%)<br \/>\n-Poids de l\u2019animal<br \/>\n-Sympt\u00f4mes<\/p>\n<p>L&rsquo;important n&rsquo;est pas de prendre le plus de CBD possible mais bien de trouver le meilleur dosage pour votre animal, il est donc conseill\u00e9 de commencer doucement, par exemple 1 goutte par jour (1,5 mg de CBD pour chat ou 3 mg de CBD pour chien)<br \/>\nGardez le rythme pendant une semaine compl\u00e8te puis augmentez si besoin la semaine suivante, gardez ce cycle d&rsquo;une semaine jusqu\u2019\u00e0 ce que vous trouviez le dosage optimal.<\/p>\n<p>Utilisez l\u2019huile de CBD selon les besoins directement dans la nourriture, dans la bouche ou sur la zone \u00e0 traiter.<\/p>\n<p>Agiter avant utilisation<br \/>\nConserver \u00e0 temp\u00e9rature ambiante et \u00e0 l&rsquo;abri de la lumi\u00e8re.<br \/>\nProduit d\u00e9conseill\u00e9 aux animaux portants ou allaitants.<br \/>\nNos produits ne sont pas destin\u00e9s \u00e0 soigner ou pr\u00e9venir une maladie. En cas de traitement, veuillez consulter votre v\u00e9t\u00e9rinaire au sujet des interactions possibles.<\/p>\n<p>&nbsp;<\/p>\n<h2>Ingr\u00e9dients<\/h2>\n<p>Extrait de chanvre biologique \u00e0 spectre large, huile de saumon.<\/p>\n","protected":false},"excerpt":{"rendered":"<p>D\u00e9couvrez notre huile de CBD 3% sans THC ni terp\u00e8nes sp\u00e9cialement con\u00e7ue pour vos chats<\/p>\n","protected":false},"featured_media":25225,"comment_status":"open","ping_status":"closed","template":"","meta":[],"product_cat":[46],"product_tag":[52],"acf":[],"_links":{"self":[{"href":"https:\/\/preprod.hepfrance.fr\/fr\/wp-json\/wp\/v2\/product\/19798"}],"collection":[{"href":"https:\/\/preprod.hepfrance.fr\/fr\/wp-json\/wp\/v2\/product"}],"about":[{"href":"https:\/\/preprod.hepfrance.fr\/fr\/wp-json\/wp\/v2\/types\/product"}],"replies":[{"embeddable":true,"href":"https:\/\/preprod.hepfrance.fr\/fr\/wp-json\/wp\/v2\/comments?post=19798"}],"version-history":[{"count":2,"href":"https:\/\/preprod.hepfrance.fr\/fr\/wp-json\/wp\/v2\/product\/19798\/revisions"}],"predecessor-version":[{"id":26336,"href":"https:\/\/preprod.hepfrance.fr\/fr\/wp-json\/wp\/v2\/product\/19798\/revisions\/26336"}],"wp:featuredmedia":[{"embeddable":true,"href":"https:\/\/preprod.hepfrance.fr\/fr\/wp-json\/wp\/v2\/media\/25225"}],"wp:attachment":[{"href":"https:\/\/preprod.hepfrance.fr\/fr\/wp-json\/wp\/v2\/media?parent=19798"}],"wp:term":[{"taxonomy":"product_cat","embeddable":true,"href":"https:\/\/preprod.hepfrance.fr\/fr\/wp-json\/wp\/v2\/product_cat?post=19798"},{"taxonomy":"product_tag","embeddable":true,"href":"https:\/\/preprod.hepfrance.fr\/fr\/wp-json\/wp\/v2\/product_tag?post=19798"}],"curies":[{"name":"wp","href":"https:\/\/api.w.org\/{rel}","templated":true}]}}