{"id":19821,"date":"2021-10-05T17:26:58","date_gmt":"2021-10-05T15:26:58","guid":{"rendered":"https:\/\/hepfrance.fr\/?post_type=product&#038;p=19821"},"modified":"2022-01-31T10:51:44","modified_gmt":"2022-01-31T08:51:44","slug":"creme-jour-nuit-au-cbd","status":"publish","type":"product","link":"https:\/\/preprod.hepfrance.fr\/fr\/produit\/creme-jour-nuit-au-cbd\/","title":{"rendered":"Cr\u00e8me de jour et de nuit au CBD"},"content":{"rendered":"<p>Protectrice le jour et r\u00e9g\u00e9n\u00e9rante la nuit, notre cr\u00e8me prend naturellement soin de votre peau et agit contre les agressions du quotidien comme les rayons UV, les fines particules de poussi\u00e8re ou bien le stress.<br \/>\nL&rsquo;association du chanvre, de l&rsquo;aloe vera et de l\u2019hyaluronate de sodium stimule la production de collag\u00e8ne et de vitamine E pour rendre votre peau encore plus \u00e9clatante.<\/p>\n<p>Notre CBD issu d\u2019une culture certifi\u00e9e biologique situ\u00e9e dans les Alpes suisses, est produit par une m\u00e9thode d&rsquo;extraction au CO2 \u00e0 la pointe de l\u2019innovation et respectueuse de l&rsquo;environnement.<\/p>\n<p>Tous les produits sont analys\u00e9s par un laboratoire ind\u00e9pendant afin de vous garantir une transparence totale et une qualit\u00e9 maximale.<\/p>\n<p>&nbsp;<\/p>\n<h2>Conseils d&rsquo;utilisation<\/h2>\n<p>Appliquez en massage doux, matin et soir, sur visage, cou et d\u00e9collet\u00e9 pr\u00e9alablement nettoy\u00e9s<\/p>\n<p><b>Hyaluronate de sodium<\/b><br \/>\nL&rsquo;hyaluronate de sodium est le sel sodique de l\u2018acide hyaluronique.<br \/>\nEn p\u00e9n\u00e9trant les couches les plus profondes de votre peau, il va non seulement l\u2019hydrater mais \u00e9galement la repulper en r\u00e9duisant l\u2018apparence des rides, rendant ainsi \u00e0 votre peau sa jeunesse.<\/p>\n<p><b>Aloe vera<\/b><br \/>\nL\u2018aloe vera contient naturellement des polysaccharides, des enzymes, des min\u00e9raux, des acides amin\u00e9s, de la vitamine A et C ainsi que de nombreux antioxydants.<br \/>\nCes compos\u00e9s actifs procureront \u00e0 votre peau, hydratation et fermet\u00e9.<br \/>\nSon action anti-inflammatoire cr\u00e9\u00e9e une barri\u00e8re protectrice pour votre peau.<br \/>\nSes propri\u00e9t\u00e9s antibact\u00e9riennes ainsi que l\u2018acide salicylique qu\u2019il contient aide \u00e0 exfolier la peau, \u00e0 pr\u00e9venir les taches brunes et vous garantit une peau saine et belle.<br \/>\nL\u2018aloe vera peut \u00e9galement stimuler l\u2018activit\u00e9 des fibroblastes, ce qui cr\u00e9e une augmentation de la production de collag\u00e8ne et des fibres d\u2018\u00e9lastine qui rendent la peau moins rid\u00e9e et plus \u00e9lastique.<\/p>\n<p>Les cosm\u00e9tiques HEP sont v\u00e9gans (sans ingr\u00e9dients d\u2019origine animale) et cruelty free (non test\u00e9es sur des animaux).<br \/>\nConserver \u00e0 temp\u00e9rature ambiante et \u00e0 l&rsquo;abri de la lumi\u00e8re.<\/p>\n<p>&nbsp;<\/p>\n<h2>Ingr\u00e9dients<\/h2>\n<p>Eau, trihydroxystearin (triester de glyc\u00e9rine et d&rsquo;acide hydroxyst\u00e9arique), myristate d&rsquo;isopropyle, cyclopentasiloxane, alcool c\u00e9tylique, dipolylhydroxyst\u00e9arate de polyglyc\u00e9rine-2, PEG &#8211; 30 dipolyhydroxystearate (\u00e9thoxyl\u00e9), glyc\u00e9rine, olus huile (v\u00e9g\u00e9tale), extrait de chanvre biologique \u00e0 spectre complet (1%), palmitate d&rsquo;\u00e9thylhexyle, extrait d\u2019aloe vera, hyaluronate de sodium, extrait de chondrus crispus (carragh\u00e9nane), extrait de fruit (malus domestica), prunus amygdalus dulcis oil (huile d\u2019amande), cera alba (cire d\u2019abeille), glucomannane, huile de tournesol, helianthus annuus, tocoph\u00e9rol, BHT, propylheptyl caprylate, trihydroxystearin (triester de glyc\u00e9rine et d\u2019acide hydroxyst\u00e9arique), l\u00e9vulinate de sodium, anisate de sodium, pentyl\u00e8ne glycol, caprylyl glycol, ethylhexylglyc\u00e9rine, parfum, sulfate de magn\u00e9sium, acide citrique<\/p>\n","protected":false},"excerpt":{"rendered":"<p>D\u00e9couvrez notre cr\u00e8me jour \/ nuit au CBD (500mg &#8211; 1%)\u00a0 pour une peau \u00e9clatante et prot\u00e9g\u00e9e.<\/p>\n","protected":false},"featured_media":24155,"comment_status":"open","ping_status":"closed","template":"","meta":[],"product_cat":[45],"product_tag":[53],"acf":[],"_links":{"self":[{"href":"https:\/\/preprod.hepfrance.fr\/fr\/wp-json\/wp\/v2\/product\/19821"}],"collection":[{"href":"https:\/\/preprod.hepfrance.fr\/fr\/wp-json\/wp\/v2\/product"}],"about":[{"href":"https:\/\/preprod.hepfrance.fr\/fr\/wp-json\/wp\/v2\/types\/product"}],"replies":[{"embeddable":true,"href":"https:\/\/preprod.hepfrance.fr\/fr\/wp-json\/wp\/v2\/comments?post=19821"}],"version-history":[{"count":6,"href":"https:\/\/preprod.hepfrance.fr\/fr\/wp-json\/wp\/v2\/product\/19821\/revisions"}],"predecessor-version":[{"id":26474,"href":"https:\/\/preprod.hepfrance.fr\/fr\/wp-json\/wp\/v2\/product\/19821\/revisions\/26474"}],"wp:featuredmedia":[{"embeddable":true,"href":"https:\/\/preprod.hepfrance.fr\/fr\/wp-json\/wp\/v2\/media\/24155"}],"wp:attachment":[{"href":"https:\/\/preprod.hepfrance.fr\/fr\/wp-json\/wp\/v2\/media?parent=19821"}],"wp:term":[{"taxonomy":"product_cat","embeddable":true,"href":"https:\/\/preprod.hepfrance.fr\/fr\/wp-json\/wp\/v2\/product_cat?post=19821"},{"taxonomy":"product_tag","embeddable":true,"href":"https:\/\/preprod.hepfrance.fr\/fr\/wp-json\/wp\/v2\/product_tag?post=19821"}],"curies":[{"name":"wp","href":"https:\/\/api.w.org\/{rel}","templated":true}]}}