{"id":19827,"date":"2021-10-05T17:29:15","date_gmt":"2021-10-05T15:29:15","guid":{"rendered":"https:\/\/hepfrance.fr\/?post_type=product&#038;p=19827"},"modified":"2022-01-31T10:50:59","modified_gmt":"2022-01-31T08:50:59","slug":"serum-cbd","status":"publish","type":"product","link":"https:\/\/preprod.hepfrance.fr\/fr\/produit\/serum-cbd\/","title":{"rendered":"S\u00e9rum au CBD"},"content":{"rendered":"<p>Notre s\u00e9rum associe l&rsquo;acide hyaluronique et la vitamine C pour un m\u00e9lange explosif qui donne du peps \u00e0 votre peau fatigu\u00e9e et stress\u00e9e. Sans huile et \u00e0 absorption rapide, notre s\u00e9rum est id\u00e9al pour tout type de peau, il est l&rsquo;alli\u00e9 de votre routine quotidienne.<\/p>\n<p>Notre CBD issu d\u2019une culture certifi\u00e9e biologique situ\u00e9e dans les Alpes suisses, est produit par une m\u00e9thode d&rsquo;extraction au CO2 \u00e0 la pointe de l\u2019innovation et respectueuse de l&rsquo;environnement.<\/p>\n<p>Tous les produits sont analys\u00e9s par un laboratoire ind\u00e9pendant afin de vous garantir une transparence totale et une qualit\u00e9 maximale.<\/p>\n<p>&nbsp;<\/p>\n<h2>Conseils d&rsquo;utilisation<\/h2>\n<p>Appliquez en massage doux, matin et soir, sur visage, cou et d\u00e9collet\u00e9 pr\u00e9alablement nettoy\u00e9s<\/p>\n<p><b>Acide hyaluronique<\/b><br \/>\nL\u2018acide hyaluronique est un polysaccharide qui peut contenir jusqu\u2019\u00e0 1 000 fois son poids en eau.<br \/>\nL\u2018acide hyaluronique agit \u00e0 la surface de la peau pour attirer une quantit\u00e9 importante d\u2018eau qui maintient les cellules hydrat\u00e9es et repulp\u00e9es.<br \/>\nIl assure ainsi l&rsquo;hydratation de votre peau, lui conf\u00e9rant un aspect \u00e9clatant et lisse.<\/p>\n<p><b>Aloe vera<\/b><br \/>\nL\u2018aloe vera contient naturellement des polysaccharides, des enzymes, des min\u00e9raux, des acides amin\u00e9s, de la vitamine A et C ainsi que de nombreux antioxydants.<br \/>\nCes compos\u00e9s actifs procureront \u00e0 votre peau, hydratation et fermet\u00e9.<br \/>\nSon action anti-inflammatoire cr\u00e9\u00e9e une barri\u00e8re protectrice pour votre peau.<br \/>\nSes propri\u00e9t\u00e9s antibact\u00e9riennes ainsi que l\u2018acide salicylique qu\u2019il contient aident \u00e0 exfolier la peau, \u00e0 pr\u00e9venir les taches brunes et vous garantit une peau saine et belle.<br \/>\nL\u2018aloe vera peut \u00e9galement stimuler l\u2018activit\u00e9 des fibroblastes. Cela cr\u00e9\u00e9e une augmentation de la production de collag\u00e8ne et des fibres d\u2018\u00e9lastine. Les rides sont att\u00e9nu\u00e9es et la peau plus souple.<\/p>\n<p>Les cosm\u00e9tiques HEP sont v\u00e9gans (sans ingr\u00e9dients d\u2019origine animale) et cruelty free (non test\u00e9es sur des animaux).<br \/>\nConserver \u00e0 temp\u00e9rature ambiante et \u00e0 l&rsquo;abri de la lumi\u00e8re.<\/p>\n<p>&nbsp;<\/p>\n<h2>Ingr\u00e9dients<\/h2>\n<p>Eau, acrylates \/ C10-30 alkyl acrylate, extrait d\u2019aloe vera, extrait de chanvre biologique \u00e0 spectre complet (1%), tocoph\u00e9rol, acide hyaluronique, palmitate d\u2019ascorbyle, ph\u00e9noxy\u00e9thanol, \u00e9thylhexylglyc\u00e9rine, parfum, hydroxyde de sodium<\/p>\n","protected":false},"excerpt":{"rendered":"<p>D\u00e9couvrez notre s\u00e9rum au CBD (300mg &#8211; 1%) pour une peau hydrat\u00e9e et r\u00e9g\u00e9n\u00e9r\u00e9e<\/p>\n<p>&nbsp;<\/p>\n","protected":false},"featured_media":24144,"comment_status":"open","ping_status":"closed","template":"","meta":[],"product_cat":[45],"product_tag":[53],"acf":[],"_links":{"self":[{"href":"https:\/\/preprod.hepfrance.fr\/fr\/wp-json\/wp\/v2\/product\/19827"}],"collection":[{"href":"https:\/\/preprod.hepfrance.fr\/fr\/wp-json\/wp\/v2\/product"}],"about":[{"href":"https:\/\/preprod.hepfrance.fr\/fr\/wp-json\/wp\/v2\/types\/product"}],"replies":[{"embeddable":true,"href":"https:\/\/preprod.hepfrance.fr\/fr\/wp-json\/wp\/v2\/comments?post=19827"}],"version-history":[{"count":8,"href":"https:\/\/preprod.hepfrance.fr\/fr\/wp-json\/wp\/v2\/product\/19827\/revisions"}],"predecessor-version":[{"id":26427,"href":"https:\/\/preprod.hepfrance.fr\/fr\/wp-json\/wp\/v2\/product\/19827\/revisions\/26427"}],"wp:featuredmedia":[{"embeddable":true,"href":"https:\/\/preprod.hepfrance.fr\/fr\/wp-json\/wp\/v2\/media\/24144"}],"wp:attachment":[{"href":"https:\/\/preprod.hepfrance.fr\/fr\/wp-json\/wp\/v2\/media?parent=19827"}],"wp:term":[{"taxonomy":"product_cat","embeddable":true,"href":"https:\/\/preprod.hepfrance.fr\/fr\/wp-json\/wp\/v2\/product_cat?post=19827"},{"taxonomy":"product_tag","embeddable":true,"href":"https:\/\/preprod.hepfrance.fr\/fr\/wp-json\/wp\/v2\/product_tag?post=19827"}],"curies":[{"name":"wp","href":"https:\/\/api.w.org\/{rel}","templated":true}]}}