{"id":19834,"date":"2021-10-05T17:31:32","date_gmt":"2021-10-05T15:31:32","guid":{"rendered":"https:\/\/hepfrance.fr\/?post_type=product&#038;p=19834"},"modified":"2022-01-29T12:27:09","modified_gmt":"2022-01-29T10:27:09","slug":"huile-massage-au-jojoba-100-ml","status":"publish","type":"product","link":"https:\/\/preprod.hepfrance.fr\/fr\/produit\/huile-massage-au-jojoba-100-ml\/","title":{"rendered":"Huile de massage &#8211; Soin au Jojoba et CBD 100ml"},"content":{"rendered":"<p>D\u00e9couvrez l\u2019association unique d\u2019huile de jojoba biologique et de notre huile de CBD au service d\u2019un moment de douceur et de relaxation aussi bien pour votre corps que votre esprit.<br \/>\nSentez la douceur du jojoba sur votre peau mais \u00e9galement les terp\u00e8nes du chanvre pour une aromath\u00e9rapie in\u00e9dite.<\/p>\n<p>Notre CBD issu d\u2019une culture certifi\u00e9e biologique situ\u00e9e dans les Alpes suisses, est produit par une m\u00e9thode d&rsquo;extraction au CO2 \u00e0 la pointe de l\u2019innovation et respectueuse de l&rsquo;environnement.<\/p>\n<p>Tous les produits sont analys\u00e9s par un laboratoire ind\u00e9pendant afin de vous garantir une transparence totale et une qualit\u00e9 maximale.<\/p>\n<p>&nbsp;<\/p>\n<h2>Conseils d&rsquo;utilisation<\/h2>\n<p>Conseils d&rsquo;utilisation :<br \/>\nPour un massage ou un soin, appliquez notre huile de Jojoba sur tout le corps (corps, visage, cheveux)<\/p>\n<p><b>Huile de jojoba<\/b><br \/>\nL&rsquo;huile de jojoba est \u00e0 la fois nourrissante, assouplissante et r\u00e9g\u00e9n\u00e9rante, elle est donc la parfaite alli\u00e9e pour chouchouter votre peau lors du massage.<br \/>\nDe par son action s\u00e9bo-r\u00e9gulatrice elle s\u2019applique sur tous types de peaux ou de cheveux.<br \/>\nElle redonne vitalit\u00e9, souplesse et brillance aux cheveux secs. Elle r\u00e9hydrate les peaux s\u00e8ches, apaise et adoucit les peaux grasses tout en calmant rougeurs et irritations.<br \/>\nIl suffit de quelques gouttes sur votre peau pour en mesurer tous les bienfaits.<\/p>\n<p>Les cosm\u00e9tiques HEP sont v\u00e9gans (sans ingr\u00e9dients d\u2019origine animale) et cruelty free (non test\u00e9es sur des animaux).<br \/>\nAgiter avant utilisation<br \/>\nConserver \u00e0 temp\u00e9rature ambiante et \u00e0 l&rsquo;abri de la lumi\u00e8re.<\/p>\n<p>&nbsp;<\/p>\n<h2>Ingr\u00e9dients<\/h2>\n<p>Huile de jojoba biologique, extrait de chanvre biologique \u00e0 spectre complet (0,23%) \u2022 100% biologique et naturel<\/p>\n","protected":false},"excerpt":{"rendered":"<p>D\u00e9couvrez notre huile de massage jojoba CBD pour une moment de relaxation unique<\/p>\n","protected":false},"featured_media":24142,"comment_status":"open","ping_status":"closed","template":"","meta":[],"product_cat":[45],"product_tag":[54],"acf":[],"_links":{"self":[{"href":"https:\/\/preprod.hepfrance.fr\/fr\/wp-json\/wp\/v2\/product\/19834"}],"collection":[{"href":"https:\/\/preprod.hepfrance.fr\/fr\/wp-json\/wp\/v2\/product"}],"about":[{"href":"https:\/\/preprod.hepfrance.fr\/fr\/wp-json\/wp\/v2\/types\/product"}],"replies":[{"embeddable":true,"href":"https:\/\/preprod.hepfrance.fr\/fr\/wp-json\/wp\/v2\/comments?post=19834"}],"version-history":[{"count":7,"href":"https:\/\/preprod.hepfrance.fr\/fr\/wp-json\/wp\/v2\/product\/19834\/revisions"}],"predecessor-version":[{"id":26478,"href":"https:\/\/preprod.hepfrance.fr\/fr\/wp-json\/wp\/v2\/product\/19834\/revisions\/26478"}],"wp:featuredmedia":[{"embeddable":true,"href":"https:\/\/preprod.hepfrance.fr\/fr\/wp-json\/wp\/v2\/media\/24142"}],"wp:attachment":[{"href":"https:\/\/preprod.hepfrance.fr\/fr\/wp-json\/wp\/v2\/media?parent=19834"}],"wp:term":[{"taxonomy":"product_cat","embeddable":true,"href":"https:\/\/preprod.hepfrance.fr\/fr\/wp-json\/wp\/v2\/product_cat?post=19834"},{"taxonomy":"product_tag","embeddable":true,"href":"https:\/\/preprod.hepfrance.fr\/fr\/wp-json\/wp\/v2\/product_tag?post=19834"}],"curies":[{"name":"wp","href":"https:\/\/api.w.org\/{rel}","templated":true}]}}