{"id":19852,"date":"2021-10-05T17:39:15","date_gmt":"2021-10-05T15:39:15","guid":{"rendered":"https:\/\/hepfrance.fr\/?post_type=product&#038;p=19852"},"modified":"2022-01-29T12:27:09","modified_gmt":"2022-01-29T10:27:09","slug":"gel-musculaire-au-cbd","status":"publish","type":"product","link":"https:\/\/preprod.hepfrance.fr\/fr\/produit\/gel-musculaire-au-cbd\/","title":{"rendered":"Gel musculaire au CBD 1%"},"content":{"rendered":"<p>Gel aux propri\u00e9t\u00e9s anti-douleurs et anti-inflammatoires, son effet rafra\u00eechissant vous procurera un soulagement instantan\u00e9.<br \/>\nIl p\u00e9n\u00e8tre rapidement votre peau, renforce le tissu conjonctif et les ligaments. Il favorise \u00e9galement la formation du cartilage et la r\u00e9g\u00e9n\u00e9ration musculaire.<\/p>\n<p>Notre CBD issu d\u2019une culture certifi\u00e9e biologique situ\u00e9e dans les Alpes suisses, est produit par une m\u00e9thode d&rsquo;extraction au CO2 \u00e0 la pointe de l\u2019innovation et respectueuse de l&rsquo;environnement.<\/p>\n<p>Tous les produits sont analys\u00e9s par un laboratoire ind\u00e9pendant afin de vous garantir une transparence totale et une qualit\u00e9 maximale.<\/p>\n<h2>Conseils d&rsquo;utilisation<\/h2>\n<p>Avant ou apr\u00e8s l\u2019effort, appliquez en massage sur toutes les zones du corps concern\u00e9es (muscles et articulations)<\/p>\n<p><b>Sulfate de glucosamine<\/b><br \/>\nLe sulfate de glucosamine est un sucre amin\u00e9 naturel pr\u00e9sent<br \/>\ndans le corps humain. Il est l\u2019un des composants du tissu conjonctif, du cartilage et du liquide articulaire.<br \/>\nLe sulfate de glucosamine permet la r\u00e9g\u00e9n\u00e9ration des muscles et des articulations qui ont \u00e9t\u00e9 soumis \u00e0 une forte tension apr\u00e8s un effort physique intense.<\/p>\n<p><b>Aloe vera<\/b><br \/>\nL\u2018aloe vera contient naturellement des polysaccharides, des enzymes, des min\u00e9raux, des acides amin\u00e9s, de la vitamine A et C ainsi que de nombreux antioxydants.<br \/>\nCes compos\u00e9s actifs procurent \u00e0 votre peau, hydratation et fermet\u00e9.<br \/>\nSon action anti-inflammatoire cr\u00e9\u00e9e une barri\u00e8re protectrice pour votre peau.<br \/>\nSes propri\u00e9t\u00e9s antibact\u00e9riennes ainsi que l\u2018acide salicylique qu\u2019il contient, aide \u00e0 exfolier la peau, \u00e0 pr\u00e9venir les taches brunes et vous garantit une peau saine et douce.<br \/>\nL\u2018aloe vera peut \u00e9galement stimuler l\u2018activit\u00e9 des fibroblastes, ce qui cr\u00e9e une augmentation de la production de collag\u00e8ne et des fibres d\u2018\u00e9lastine qui rendent la peau moins rid\u00e9e et plus \u00e9lastique.<\/p>\n<p>Les cosm\u00e9tiques HEP sont v\u00e9gans (sans ingr\u00e9dients d\u2019origine animale) et cruelty free (non test\u00e9es sur des animaux).<br \/>\nConserver \u00e0 temp\u00e9rature ambiante et \u00e0 l&rsquo;abri de la lumi\u00e8re.<\/p>\n<h2>Ingr\u00e9dients<\/h2>\n<p>Eau, extrait d\u2019aloe vera, sulfate de glucosamine, extrait de chanvre biologique \u00e0 spectre complet (1%), acrylates \/ C10-30 alkyl acrylate, extrait de symphytum (consoude), ph\u00e9noxy\u00e9thanol, hydroxyde de sodium, tocoph\u00e9rol, parfum, coumarin, alpha-isom\u00e9thyl-ionone<\/p>\n","protected":false},"excerpt":{"rendered":"<p>D\u00e9couvrez notre gel musculaire au CBD (1000mg &#8211; 1%)\u00a0 pour une r\u00e9g\u00e9n\u00e9ration en profondeur de vos muscles et articulations<\/p>\n","protected":false},"featured_media":24156,"comment_status":"open","ping_status":"closed","template":"","meta":[],"product_cat":[45],"product_tag":[55],"acf":[],"_links":{"self":[{"href":"https:\/\/preprod.hepfrance.fr\/fr\/wp-json\/wp\/v2\/product\/19852"}],"collection":[{"href":"https:\/\/preprod.hepfrance.fr\/fr\/wp-json\/wp\/v2\/product"}],"about":[{"href":"https:\/\/preprod.hepfrance.fr\/fr\/wp-json\/wp\/v2\/types\/product"}],"replies":[{"embeddable":true,"href":"https:\/\/preprod.hepfrance.fr\/fr\/wp-json\/wp\/v2\/comments?post=19852"}],"version-history":[{"count":6,"href":"https:\/\/preprod.hepfrance.fr\/fr\/wp-json\/wp\/v2\/product\/19852\/revisions"}],"predecessor-version":[{"id":26482,"href":"https:\/\/preprod.hepfrance.fr\/fr\/wp-json\/wp\/v2\/product\/19852\/revisions\/26482"}],"wp:featuredmedia":[{"embeddable":true,"href":"https:\/\/preprod.hepfrance.fr\/fr\/wp-json\/wp\/v2\/media\/24156"}],"wp:attachment":[{"href":"https:\/\/preprod.hepfrance.fr\/fr\/wp-json\/wp\/v2\/media?parent=19852"}],"wp:term":[{"taxonomy":"product_cat","embeddable":true,"href":"https:\/\/preprod.hepfrance.fr\/fr\/wp-json\/wp\/v2\/product_cat?post=19852"},{"taxonomy":"product_tag","embeddable":true,"href":"https:\/\/preprod.hepfrance.fr\/fr\/wp-json\/wp\/v2\/product_tag?post=19852"}],"curies":[{"name":"wp","href":"https:\/\/api.w.org\/{rel}","templated":true}]}}