{"id":21020,"date":"2021-10-07T21:02:20","date_gmt":"2021-10-07T19:02:20","guid":{"rendered":"https:\/\/hepfrance.fr\/?post_type=product&#038;p=21020"},"modified":"2022-01-27T20:12:16","modified_gmt":"2022-01-27T18:12:16","slug":"huile-de-massage-jojoba-cbd-250-ml","status":"publish","type":"product","link":"https:\/\/preprod.hepfrance.fr\/fr\/produit\/huile-de-massage-jojoba-cbd-250-ml\/","title":{"rendered":"Huile de massage &#8211; Soin au Jojoba et CBD 250ml"},"content":{"rendered":"\t\t<div data-elementor-type=\"product-post\" data-elementor-id=\"21020\" class=\"elementor elementor-21020\" data-elementor-settings=\"[]\">\n\t\t\t\t\t\t<div class=\"elementor-inner\">\n\t\t\t\t\t\t\t<div class=\"elementor-section-wrap\">\n\t\t\t\t\t\t\t<section class=\"elementor-section elementor-top-section elementor-element elementor-element-1127a76b elementor-section-boxed elementor-section-height-default elementor-section-height-default\" data-id=\"1127a76b\" data-element_type=\"section\">\n\t\t\t\t\t\t<div class=\"elementor-container elementor-column-gap-default\">\n\t\t\t\t\t\t\t<div class=\"elementor-row\">\n\t\t\t\t\t<div class=\"elementor-column elementor-col-100 elementor-top-column elementor-element elementor-element-23950698\" data-id=\"23950698\" data-element_type=\"column\">\n\t\t\t<div class=\"elementor-column-wrap elementor-element-populated\">\n\t\t\t\t\t\t\t<div class=\"elementor-widget-wrap\">\n\t\t\t\t\t\t<div class=\"elementor-element elementor-element-1a0db6bb elementor-widget elementor-widget-text-editor\" data-id=\"1a0db6bb\" data-element_type=\"widget\" data-widget_type=\"text-editor.default\">\n\t\t\t\t<div class=\"elementor-widget-container\">\n\t\t\t\t\t\t\t\t<div class=\"elementor-text-editor elementor-clearfix\">\n\t\t\t\t<p>D\u00e9couvrez l\u2019association unique d\u2019huile de jojoba biologique et de notre huile de CBD au service d\u2019un moment de douceur et de relaxation aussi bien pour votre corps que votre esprit.<br \/>Sentez la douceur du jojoba sur votre peau mais \u00e9galement les terp\u00e8nes du chanvre pour une aromath\u00e9rapie in\u00e9dite.<\/p><p>Notre CBD issu d\u2019une culture certifi\u00e9e biologique situ\u00e9e dans les Alpes suisses, est produit par une m\u00e9thode d&rsquo;extraction au CO2 \u00e0 la pointe de l\u2019innovation et respectueuse de l&rsquo;environnement.<\/p><p>Tous les produits sont analys\u00e9s par un laboratoire ind\u00e9pendant afin de vous garantir une transparence totale et une qualit\u00e9 maximale.<\/p><p>\u00a0<\/p><h2>Conseils d&rsquo;utilisation<\/h2><p>Conseils d&rsquo;utilisation :<br \/>Pour un massage ou un soin, appliquez notre huile de Jojoba sur tout le corps (corps, visage, cheveux)<\/p><p><b>Huile de jojoba<\/b><br \/>L&rsquo;huile de jojoba est \u00e0 la fois nourrissante, assouplissante et r\u00e9g\u00e9n\u00e9rante, elle est donc la parfaite alli\u00e9e pour chouchouter votre peau lors du massage.<br \/>De par son action s\u00e9bo-r\u00e9gulatrice elle s\u2019applique sur tous types de peaux ou de cheveux.<br \/>Elle redonne vitalit\u00e9, souplesse et brillance aux cheveux secs. Elle r\u00e9hydrate les peaux s\u00e8ches, apaise et adoucit les peaux grasses tout en calmant rougeurs et irritations.<br \/>Il suffit de quelques gouttes sur votre peau pour en mesurer tous les bienfaits.<\/p><p>Les cosm\u00e9tiques HEP sont v\u00e9gans (sans ingr\u00e9dients d\u2019origine animale) et cruelty free (non test\u00e9es sur des animaux).<br \/>Agiter avant utilisation<br \/>Conserver \u00e0 temp\u00e9rature ambiante et \u00e0 l&rsquo;abri de la lumi\u00e8re.<\/p><p>\u00a0<\/p><h2>Ingr\u00e9dients<\/h2><p>Huile de jojoba biologique, extrait de chanvre biologique \u00e0 spectre complet (0,23%) \u2022 100% biologique et naturel<\/p>\t\t\t\t\t<\/div>\n\t\t\t\t\t\t<\/div>\n\t\t\t\t<\/div>\n\t\t\t\t\t\t<\/div>\n\t\t\t\t\t<\/div>\n\t\t<\/div>\n\t\t\t\t\t\t\t\t<\/div>\n\t\t\t\t\t<\/div>\n\t\t<\/section>\n\t\t\t\t\t\t<\/div>\n\t\t\t\t\t\t<\/div>\n\t\t\t\t\t<\/div>\n\t\t","protected":false},"excerpt":{"rendered":"<p>D\u00e9couvrez notre huile de massage jojoba CBD pour une moment de relaxation unique<\/p>\n","protected":false},"featured_media":24143,"comment_status":"open","ping_status":"closed","template":"","meta":[],"product_cat":[45],"product_tag":[54],"acf":[],"_links":{"self":[{"href":"https:\/\/preprod.hepfrance.fr\/fr\/wp-json\/wp\/v2\/product\/21020"}],"collection":[{"href":"https:\/\/preprod.hepfrance.fr\/fr\/wp-json\/wp\/v2\/product"}],"about":[{"href":"https:\/\/preprod.hepfrance.fr\/fr\/wp-json\/wp\/v2\/types\/product"}],"replies":[{"embeddable":true,"href":"https:\/\/preprod.hepfrance.fr\/fr\/wp-json\/wp\/v2\/comments?post=21020"}],"version-history":[{"count":7,"href":"https:\/\/preprod.hepfrance.fr\/fr\/wp-json\/wp\/v2\/product\/21020\/revisions"}],"predecessor-version":[{"id":26479,"href":"https:\/\/preprod.hepfrance.fr\/fr\/wp-json\/wp\/v2\/product\/21020\/revisions\/26479"}],"wp:featuredmedia":[{"embeddable":true,"href":"https:\/\/preprod.hepfrance.fr\/fr\/wp-json\/wp\/v2\/media\/24143"}],"wp:attachment":[{"href":"https:\/\/preprod.hepfrance.fr\/fr\/wp-json\/wp\/v2\/media?parent=21020"}],"wp:term":[{"taxonomy":"product_cat","embeddable":true,"href":"https:\/\/preprod.hepfrance.fr\/fr\/wp-json\/wp\/v2\/product_cat?post=21020"},{"taxonomy":"product_tag","embeddable":true,"href":"https:\/\/preprod.hepfrance.fr\/fr\/wp-json\/wp\/v2\/product_tag?post=21020"}],"curies":[{"name":"wp","href":"https:\/\/api.w.org\/{rel}","templated":true}]}}