{"id":26346,"date":"2021-12-15T15:22:48","date_gmt":"2021-12-15T13:22:48","guid":{"rendered":"https:\/\/hepfrance.fr\/?post_type=product&#038;p=26346"},"modified":"2022-01-03T13:59:25","modified_gmt":"2022-01-03T11:59:25","slug":"infusion-bio-anti-stress","status":"publish","type":"product","link":"https:\/\/preprod.hepfrance.fr\/fr\/produit\/infusion-bio-anti-stress\/","title":{"rendered":"Infusion Bio Anti Stress"},"content":{"rendered":"<h2>Conseils d&rsquo;utilisation<\/h2>\n<p>1 \u00e0 2 cuill\u00e8res \u00e0 caf\u00e9 dans de l&rsquo;eau fr\u00e9missante.<\/p>\n<p>Laisser infuser 8 \u00e0 10 minutes.<\/p>\n<p>25 gr &#8211; 14 infusions<\/p>\n<h2>Ingr\u00e9dients<\/h2>\n<p>Chanvre (22%)*, fleurs de tilleul*, pomme*, m\u00e9lisse*, orties*, verveine*, fenouil*, menthe*, camomille*, feuilles de verveine*, menthe poivr\u00e9e*<br \/>\n*issu de l\u2019agriculture biologique<\/p>\n","protected":false},"excerpt":{"rendered":"<p>Chanvre (22%), fleurs de tilleul, pomme, m\u00e9lisse, orties, verveine, fenouil, menthe, camomille, feuilles de verveine, menthe poivr\u00e9e<\/p>\n","protected":false},"featured_media":26396,"comment_status":"open","ping_status":"closed","template":"","meta":[],"product_cat":[61],"product_tag":[54],"acf":[],"_links":{"self":[{"href":"https:\/\/preprod.hepfrance.fr\/fr\/wp-json\/wp\/v2\/product\/26346"}],"collection":[{"href":"https:\/\/preprod.hepfrance.fr\/fr\/wp-json\/wp\/v2\/product"}],"about":[{"href":"https:\/\/preprod.hepfrance.fr\/fr\/wp-json\/wp\/v2\/types\/product"}],"replies":[{"embeddable":true,"href":"https:\/\/preprod.hepfrance.fr\/fr\/wp-json\/wp\/v2\/comments?post=26346"}],"version-history":[{"count":9,"href":"https:\/\/preprod.hepfrance.fr\/fr\/wp-json\/wp\/v2\/product\/26346\/revisions"}],"predecessor-version":[{"id":26394,"href":"https:\/\/preprod.hepfrance.fr\/fr\/wp-json\/wp\/v2\/product\/26346\/revisions\/26394"}],"wp:featuredmedia":[{"embeddable":true,"href":"https:\/\/preprod.hepfrance.fr\/fr\/wp-json\/wp\/v2\/media\/26396"}],"wp:attachment":[{"href":"https:\/\/preprod.hepfrance.fr\/fr\/wp-json\/wp\/v2\/media?parent=26346"}],"wp:term":[{"taxonomy":"product_cat","embeddable":true,"href":"https:\/\/preprod.hepfrance.fr\/fr\/wp-json\/wp\/v2\/product_cat?post=26346"},{"taxonomy":"product_tag","embeddable":true,"href":"https:\/\/preprod.hepfrance.fr\/fr\/wp-json\/wp\/v2\/product_tag?post=26346"}],"curies":[{"name":"wp","href":"https:\/\/api.w.org\/{rel}","templated":true}]}}