{"id":26372,"date":"2021-12-15T16:45:54","date_gmt":"2021-12-15T14:45:54","guid":{"rendered":"https:\/\/hepfrance.fr\/?post_type=product&#038;p=26372"},"modified":"2022-01-30T18:35:00","modified_gmt":"2022-01-30T16:35:00","slug":"infusion-bio-douce-nuit","status":"publish","type":"product","link":"https:\/\/preprod.hepfrance.fr\/fr\/produit\/infusion-bio-douce-nuit\/","title":{"rendered":"Infusion Bio Douce Nuit"},"content":{"rendered":"<h2>Conseils d&rsquo;utilisation<\/h2>\n<p>1 \u00e0 2 cuill\u00e8res \u00e0 caf\u00e9 dans de l&rsquo;eau fr\u00e9missante.<\/p>\n<p>Laisser infuser 8 \u00e0 10 minutes.<\/p>\n<p>25 gr &#8211; 14 infusions<\/p>\n<h2>Ingr\u00e9dients<\/h2>\n<p>Chanvre (22%)*, datte*, pomme*, m\u00e9lisse*, fenouil*, feuilles de framboisier*, camomille*, carotte*, \u00e9corces de citron*, feuilles de verveine*, yarrow (achill\u00e9e millefeuille)*, ar\u00f4me naturel, fleurs de houblon*, millepertuis*, p\u00eache*, lavande*, fleurs de bleuet*<br \/>\n*issu de l\u2019agriculture biologique<\/p>\n","protected":false},"excerpt":{"rendered":"<p>Chanvre (22%), datte, pomme, m\u00e9lisse, fenouil, feuilles de framboisier, camomille, carotte, \u00e9corces de citron, feuilles de verveine, yarrow (achill\u00e9e millefeuille), ar\u00f4me naturel, fleurs de houblon, millepertuis, p\u00eache, lavande, fleurs de bleuet<\/p>\n","protected":false},"featured_media":26399,"comment_status":"open","ping_status":"closed","template":"","meta":[],"product_cat":[61],"product_tag":[51],"acf":[],"_links":{"self":[{"href":"https:\/\/preprod.hepfrance.fr\/fr\/wp-json\/wp\/v2\/product\/26372"}],"collection":[{"href":"https:\/\/preprod.hepfrance.fr\/fr\/wp-json\/wp\/v2\/product"}],"about":[{"href":"https:\/\/preprod.hepfrance.fr\/fr\/wp-json\/wp\/v2\/types\/product"}],"replies":[{"embeddable":true,"href":"https:\/\/preprod.hepfrance.fr\/fr\/wp-json\/wp\/v2\/comments?post=26372"}],"version-history":[{"count":6,"href":"https:\/\/preprod.hepfrance.fr\/fr\/wp-json\/wp\/v2\/product\/26372\/revisions"}],"predecessor-version":[{"id":26393,"href":"https:\/\/preprod.hepfrance.fr\/fr\/wp-json\/wp\/v2\/product\/26372\/revisions\/26393"}],"wp:featuredmedia":[{"embeddable":true,"href":"https:\/\/preprod.hepfrance.fr\/fr\/wp-json\/wp\/v2\/media\/26399"}],"wp:attachment":[{"href":"https:\/\/preprod.hepfrance.fr\/fr\/wp-json\/wp\/v2\/media?parent=26372"}],"wp:term":[{"taxonomy":"product_cat","embeddable":true,"href":"https:\/\/preprod.hepfrance.fr\/fr\/wp-json\/wp\/v2\/product_cat?post=26372"},{"taxonomy":"product_tag","embeddable":true,"href":"https:\/\/preprod.hepfrance.fr\/fr\/wp-json\/wp\/v2\/product_tag?post=26372"}],"curies":[{"name":"wp","href":"https:\/\/api.w.org\/{rel}","templated":true}]}}