{"id":26383,"date":"2021-12-15T17:03:42","date_gmt":"2021-12-15T15:03:42","guid":{"rendered":"https:\/\/hepfrance.fr\/?post_type=product&#038;p=26383"},"modified":"2022-01-17T14:21:08","modified_gmt":"2022-01-17T12:21:08","slug":"infusion-bio-detox","status":"publish","type":"product","link":"https:\/\/preprod.hepfrance.fr\/fr\/produit\/infusion-bio-detox\/","title":{"rendered":"Infusion Bio Detox"},"content":{"rendered":"<h2>Conseils d&rsquo;utilisation<\/h2>\n<p>1 \u00e0 2 cuill\u00e8res \u00e0 caf\u00e9 dans de l&rsquo;eau fr\u00e9missante.<\/p>\n<p>Laisser infuser 8 \u00e0 10 minutes.<\/p>\n<p>25 gr &#8211; 14 infusions<\/p>\n<h2>Ingr\u00e9dients<\/h2>\n<p>Th\u00e9 vert de Chine Sencha*, chanvre (22%)*, ortie*, eucalyptus*, citronnelle*, gingembre*, ar\u00f4me naturel, \u00e9corces de citron*, fleurs de souci*<br \/>\n*issu de l\u2019agriculture biologique<\/p>\n","protected":false},"excerpt":{"rendered":"<p>Th\u00e9 vert de Chine Sencha, chanvre (22%), ortie, eucalyptus, citronnelle, gingembre, ar\u00f4me naturel, \u00e9corces de citron, fleurs de souci<\/p>\n","protected":false},"featured_media":26397,"comment_status":"open","ping_status":"closed","template":"","meta":[],"product_cat":[61],"product_tag":[53],"acf":[],"_links":{"self":[{"href":"https:\/\/preprod.hepfrance.fr\/fr\/wp-json\/wp\/v2\/product\/26383"}],"collection":[{"href":"https:\/\/preprod.hepfrance.fr\/fr\/wp-json\/wp\/v2\/product"}],"about":[{"href":"https:\/\/preprod.hepfrance.fr\/fr\/wp-json\/wp\/v2\/types\/product"}],"replies":[{"embeddable":true,"href":"https:\/\/preprod.hepfrance.fr\/fr\/wp-json\/wp\/v2\/comments?post=26383"}],"version-history":[{"count":3,"href":"https:\/\/preprod.hepfrance.fr\/fr\/wp-json\/wp\/v2\/product\/26383\/revisions"}],"predecessor-version":[{"id":26391,"href":"https:\/\/preprod.hepfrance.fr\/fr\/wp-json\/wp\/v2\/product\/26383\/revisions\/26391"}],"wp:featuredmedia":[{"embeddable":true,"href":"https:\/\/preprod.hepfrance.fr\/fr\/wp-json\/wp\/v2\/media\/26397"}],"wp:attachment":[{"href":"https:\/\/preprod.hepfrance.fr\/fr\/wp-json\/wp\/v2\/media?parent=26383"}],"wp:term":[{"taxonomy":"product_cat","embeddable":true,"href":"https:\/\/preprod.hepfrance.fr\/fr\/wp-json\/wp\/v2\/product_cat?post=26383"},{"taxonomy":"product_tag","embeddable":true,"href":"https:\/\/preprod.hepfrance.fr\/fr\/wp-json\/wp\/v2\/product_tag?post=26383"}],"curies":[{"name":"wp","href":"https:\/\/api.w.org\/{rel}","templated":true}]}}