{"id":26385,"date":"2021-12-15T17:07:35","date_gmt":"2021-12-15T15:07:35","guid":{"rendered":"https:\/\/hepfrance.fr\/?post_type=product&#038;p=26385"},"modified":"2022-01-25T13:39:19","modified_gmt":"2022-01-25T11:39:19","slug":"infusion-bio-relax","status":"publish","type":"product","link":"https:\/\/preprod.hepfrance.fr\/fr\/produit\/infusion-bio-relax\/","title":{"rendered":"Infusion Bio Relax"},"content":{"rendered":"<h2>Conseils d&rsquo;utilisation<\/h2>\n<p>1 \u00e0 2 cuill\u00e8res \u00e0 caf\u00e9 dans de l&rsquo;eau fr\u00e9missante.<\/p>\n<p>Laisser infuser 8 \u00e0 10 minutes.<\/p>\n<p>25 gr &#8211; 14 infusions<\/p>\n<h2>Ingr\u00e9dients<\/h2>\n<p>Chanvre (22%)*, b\u00e2tons de cannelle*, fenouil*, pomme*, gingembre*, fleurs d\u2019hibiscus*, \u00e9corces d&rsquo;orange*, anis*, racine de r\u00e9glisse*, \u00e9corces de cacao*, clous de girofle*, tulsi*, dent-de-lion*, ananas*<br \/>\n*issu de l\u2019agriculture biologique<\/p>\n","protected":false},"excerpt":{"rendered":"<p>Chanvre (22%), b\u00e2tons de cannelle, fenouil, pomme, gingembre, fleurs d\u2019hibiscus, \u00e9corces d&rsquo;orange, anis, racine de r\u00e9glisse, \u00e9corces de cacao, clous de<br \/>\ngirofle, tulsi, dent-de-lion, ananas<\/p>\n","protected":false},"featured_media":26398,"comment_status":"open","ping_status":"closed","template":"","meta":[],"product_cat":[61],"product_tag":[55],"acf":[],"_links":{"self":[{"href":"https:\/\/preprod.hepfrance.fr\/fr\/wp-json\/wp\/v2\/product\/26385"}],"collection":[{"href":"https:\/\/preprod.hepfrance.fr\/fr\/wp-json\/wp\/v2\/product"}],"about":[{"href":"https:\/\/preprod.hepfrance.fr\/fr\/wp-json\/wp\/v2\/types\/product"}],"replies":[{"embeddable":true,"href":"https:\/\/preprod.hepfrance.fr\/fr\/wp-json\/wp\/v2\/comments?post=26385"}],"version-history":[{"count":3,"href":"https:\/\/preprod.hepfrance.fr\/fr\/wp-json\/wp\/v2\/product\/26385\/revisions"}],"predecessor-version":[{"id":26392,"href":"https:\/\/preprod.hepfrance.fr\/fr\/wp-json\/wp\/v2\/product\/26385\/revisions\/26392"}],"wp:featuredmedia":[{"embeddable":true,"href":"https:\/\/preprod.hepfrance.fr\/fr\/wp-json\/wp\/v2\/media\/26398"}],"wp:attachment":[{"href":"https:\/\/preprod.hepfrance.fr\/fr\/wp-json\/wp\/v2\/media?parent=26385"}],"wp:term":[{"taxonomy":"product_cat","embeddable":true,"href":"https:\/\/preprod.hepfrance.fr\/fr\/wp-json\/wp\/v2\/product_cat?post=26385"},{"taxonomy":"product_tag","embeddable":true,"href":"https:\/\/preprod.hepfrance.fr\/fr\/wp-json\/wp\/v2\/product_tag?post=26385"}],"curies":[{"name":"wp","href":"https:\/\/api.w.org\/{rel}","templated":true}]}}